{"id":1460,"date":"2023-04-25T17:57:56","date_gmt":"2023-04-25T17:57:56","guid":{"rendered":"https:\/\/muteba.de\/uebersetzung-bestellen\/"},"modified":"2023-06-04T09:28:25","modified_gmt":"2023-06-04T09:28:25","slug":"uebersetzung-bestellen","status":"publish","type":"page","link":"https:\/\/muteba.com\/de\/uebersetzung-bestellen\/","title":{"rendered":"\u00dcbersetzung bestellen"},"content":{"rendered":"\r\n\r\n<form class=\"mzuuri-translation-form\" enctype=\"multipart\/form-data\" >\r\n\r\n<input id=\"g-token\" name=\"g-token\" type=\"hidden\" >\r\n\r\n  <div class=\"order-form-row col-2\">\r\n\r\n    <div>\r\n      <label for=\"translate-from\">\u00dcbersetzen von:<\/label>\r\n        <span data-name=\"translate-from\">\r\n          <select id=\"translate-from\" class=\"slim-select\"  name=\"translate-from\"  aria-required=\"true\" required>\r\n            <option data-placeholder=\"true\"><\/option>\r\n                          <option value=\"Afghan\">Afghan<\/option>\r\n                          <option value=\"Amharic\">Amharic<\/option>\r\n                          <option value=\"Arabic\">Arabisch<\/option>\r\n                          <option value=\"Armenian\">Armenian<\/option>\r\n                          <option value=\"Ashanti\">Ashanti<\/option>\r\n                          <option value=\"Assante\">Assante<\/option>\r\n                          <option value=\"Bambara\">Bambara<\/option>\r\n                          <option value=\"Basar\">Basar<\/option>\r\n                          <option value=\"Bengali\">Bengali<\/option>\r\n                          <option value=\"Bissa\">Bissa<\/option>\r\n                          <option value=\"Bulgarian\">Bulgarisch<\/option>\r\n                          <option value=\"Chinese\">Chinesisch<\/option>\r\n                          <option value=\"English\">Englisch<\/option>\r\n                          <option value=\"Diula \/ Dioula\">Diula \/ Dioula<\/option>\r\n                          <option value=\"Djerma (Zerma)\">Djerma (Zerma)<\/option>\r\n                          <option value=\"Donzonghka\">Donzonghka<\/option>\r\n                          <option value=\"Duala \/ Douala\">Duala \/ Douala<\/option>\r\n                          <option value=\"Ewe\">Ewe<\/option>\r\n                          <option value=\"Fanta\">Fanta<\/option>\r\n                          <option value=\"Fon\">Fon<\/option>\r\n                          <option value=\"French\">Franz\u00f6sisch<\/option>\r\n                          <option value=\"Fula \/ Pula \/ Poula\">Fula \/ Pula \/ Poula<\/option>\r\n                          <option value=\"German\">Deutsch<\/option>\r\n                          <option value=\"Hausa\">Hausa<\/option>\r\n                          <option value=\"Hindi\">Hindi<\/option>\r\n                          <option value=\"Ibo \/ Igbo\">Ibo \/ Igbo<\/option>\r\n                          <option value=\"Indonesian\">Indonesisch<\/option>\r\n                          <option value=\"Italian\">Italienisch<\/option>\r\n                          <option value=\"Jola\">Jola<\/option>\r\n                          <option value=\"Jula\">Jula<\/option>\r\n                          <option value=\"Khran\">Khran<\/option>\r\n                          <option value=\"Kibemba\">Kibemba<\/option>\r\n                          <option value=\"Kikongo\">Kikongo<\/option>\r\n                          <option value=\"Kinyerwanda\">Kinyerwanda<\/option>\r\n                          <option value=\"Kirundi\">Kirundi<\/option>\r\n                          <option value=\"Kiswahili \/ Swahili\">Kiswahili \/ Swahili<\/option>\r\n                          <option value=\"Khmer\">Khmer<\/option>\r\n                          <option value=\"Kotokoli\">Kotokoli<\/option>\r\n                          <option value=\"Krio ( - English)\">Krio ( - English)<\/option>\r\n                          <option value=\"Krobo\">Krobo<\/option>\r\n                          <option value=\"Kurdish\">Kurdish<\/option>\r\n                          <option value=\"Lingala\">Lingala<\/option>\r\n                          <option value=\"Luganda\">Luganda<\/option>\r\n                          <option value=\"Malinke\">Malinke<\/option>\r\n                          <option value=\"Mandingo\">Mandingo<\/option>\r\n                          <option value=\"Mina\">Mina<\/option>\r\n                          <option value=\"Mongolian\">Mongolian<\/option>\r\n                          <option value=\"Nepalese\">Nepalese<\/option>\r\n                          <option value=\"Oromo\">Oromo<\/option>\r\n                          <option value=\"Pidjin ( - English )\">Pidjin ( - English )<\/option>\r\n                          <option value=\"Persian\">Persisch<\/option>\r\n                          <option value=\"Polish\">Polnisch<\/option>\r\n                          <option value=\"Portuguese\">Portugiesisch<\/option>\r\n                          <option value=\"Romenian\">Romenian<\/option>\r\n                          <option value=\"Russian\">Russisch<\/option>\r\n                          <option value=\"Serbo-Croatian\">Serbo-Croatian<\/option>\r\n                          <option value=\"Spanish\">Spanisch<\/option>\r\n                          <option value=\"Somali\">Somali<\/option>\r\n                          <option value=\"Tamil \/ Singhalese\">Tamil \/ Singhalese<\/option>\r\n                          <option value=\"Tigra\">Tigra<\/option>\r\n                          <option value=\"Tigrenia \/ Tigrenya\">Tigrenia \/ Tigrenya<\/option>\r\n                          <option value=\"Czech\">Tschechisch<\/option>\r\n                          <option value=\"Tshiluba \/ Chiluba \/ Ciluba\">Tshiluba \/ Chiluba \/ Ciluba<\/option>\r\n                          <option value=\"Turkish\">T\u00fcrkisch<\/option>\r\n                          <option value=\"Twi\">Twi<\/option>\r\n                          <option value=\"Hungarian\">Ungarisch<\/option>\r\n                          <option value=\"Urdu\">Urdu<\/option>\r\n                          <option value=\"Vietnamese\">Vietnamesisch<\/option>\r\n                          <option value=\"Wolof\">Wolof<\/option>\r\n            \r\n          <\/select>\r\n        <\/span>\r\n    <\/div>\r\n\r\n    <div>\r\n      <label for=\"translate-to\">\u00dcbersetzen nach:<\/label>\r\n        <span data-name=\"translate-to\">\r\n          <select id=\"translate-to\" class=\"slim-select\" name=\"translate-to[]\"  aria-required=\"true\" multiple required>\r\n                          <option value=\"Afghan\">Afghan<\/option>\r\n                          <option value=\"Amharic\">Amharic<\/option>\r\n                          <option value=\"Arabic\">Arabisch<\/option>\r\n                          <option value=\"Armenian\">Armenian<\/option>\r\n                          <option value=\"Ashanti\">Ashanti<\/option>\r\n                          <option value=\"Assante\">Assante<\/option>\r\n                          <option value=\"Bambara\">Bambara<\/option>\r\n                          <option value=\"Basar\">Basar<\/option>\r\n                          <option value=\"Bengali\">Bengali<\/option>\r\n                          <option value=\"Bissa\">Bissa<\/option>\r\n                          <option value=\"Bulgarian\">Bulgarisch<\/option>\r\n                          <option value=\"Chinese\">Chinesisch<\/option>\r\n                          <option value=\"English\">Englisch<\/option>\r\n                          <option value=\"Diula \/ Dioula\">Diula \/ Dioula<\/option>\r\n                          <option value=\"Djerma (Zerma)\">Djerma (Zerma)<\/option>\r\n                          <option value=\"Donzonghka\">Donzonghka<\/option>\r\n                          <option value=\"Duala \/ Douala\">Duala \/ Douala<\/option>\r\n                          <option value=\"Ewe\">Ewe<\/option>\r\n                          <option value=\"Fanta\">Fanta<\/option>\r\n                          <option value=\"Fon\">Fon<\/option>\r\n                          <option value=\"French\">Franz\u00f6sisch<\/option>\r\n                          <option value=\"Fula \/ Pula \/ Poula\">Fula \/ Pula \/ Poula<\/option>\r\n                          <option value=\"German\">Deutsch<\/option>\r\n                          <option value=\"Hausa\">Hausa<\/option>\r\n                          <option value=\"Hindi\">Hindi<\/option>\r\n                          <option value=\"Ibo \/ Igbo\">Ibo \/ Igbo<\/option>\r\n                          <option value=\"Indonesian\">Indonesisch<\/option>\r\n                          <option value=\"Italian\">Italienisch<\/option>\r\n                          <option value=\"Jola\">Jola<\/option>\r\n                          <option value=\"Jula\">Jula<\/option>\r\n                          <option value=\"Khran\">Khran<\/option>\r\n                          <option value=\"Kibemba\">Kibemba<\/option>\r\n                          <option value=\"Kikongo\">Kikongo<\/option>\r\n                          <option value=\"Kinyerwanda\">Kinyerwanda<\/option>\r\n                          <option value=\"Kirundi\">Kirundi<\/option>\r\n                          <option value=\"Kiswahili \/ Swahili\">Kiswahili \/ Swahili<\/option>\r\n                          <option value=\"Khmer\">Khmer<\/option>\r\n                          <option value=\"Kotokoli\">Kotokoli<\/option>\r\n                          <option value=\"Krio ( - English)\">Krio ( - English)<\/option>\r\n                          <option value=\"Krobo\">Krobo<\/option>\r\n                          <option value=\"Kurdish\">Kurdish<\/option>\r\n                          <option value=\"Lingala\">Lingala<\/option>\r\n                          <option value=\"Luganda\">Luganda<\/option>\r\n                          <option value=\"Malinke\">Malinke<\/option>\r\n                          <option value=\"Mandingo\">Mandingo<\/option>\r\n                          <option value=\"Mina\">Mina<\/option>\r\n                          <option value=\"Mongolian\">Mongolian<\/option>\r\n                          <option value=\"Nepalese\">Nepalese<\/option>\r\n                          <option value=\"Oromo\">Oromo<\/option>\r\n                          <option value=\"Pidjin ( - English )\">Pidjin ( - English )<\/option>\r\n                          <option value=\"Persian\">Persisch<\/option>\r\n                          <option value=\"Polish\">Polnisch<\/option>\r\n                          <option value=\"Portuguese\">Portugiesisch<\/option>\r\n                          <option value=\"Romenian\">Romenian<\/option>\r\n                          <option value=\"Russian\">Russisch<\/option>\r\n                          <option value=\"Serbo-Croatian\">Serbo-Croatian<\/option>\r\n                          <option value=\"Spanish\">Spanisch<\/option>\r\n                          <option value=\"Somali\">Somali<\/option>\r\n                          <option value=\"Tamil \/ Singhalese\">Tamil \/ Singhalese<\/option>\r\n                          <option value=\"Tigra\">Tigra<\/option>\r\n                          <option value=\"Tigrenia \/ Tigrenya\">Tigrenia \/ Tigrenya<\/option>\r\n                          <option value=\"Czech\">Tschechisch<\/option>\r\n                          <option value=\"Tshiluba \/ Chiluba \/ Ciluba\">Tshiluba \/ Chiluba \/ Ciluba<\/option>\r\n                          <option value=\"Turkish\">T\u00fcrkisch<\/option>\r\n                          <option value=\"Twi\">Twi<\/option>\r\n                          <option value=\"Hungarian\">Ungarisch<\/option>\r\n                          <option value=\"Urdu\">Urdu<\/option>\r\n                          <option value=\"Vietnamese\">Vietnamesisch<\/option>\r\n                          <option value=\"Wolof\">Wolof<\/option>\r\n                      <\/select>\r\n        <\/span>\r\n        <span class=\"files-info\">Sie sehen nicht die Sprache, die Sie suchen? <a target=\"_blank\" href=\"https:\/\/muteba.com\/contact-us\/\">Schicken Sie uns eine Nachricht<\/a>.<\/span>\r\n    <\/div>\r\n  <\/div><!-- \/row -->\r\n\r\n  <div class=\"order-form-row\">\r\n    <div>\r\n      <label for=\"services\">Dienst:<\/label>\r\n        <span data-name=\"service\">\r\n          <select id=\"services\" class=\"slim-select\" name=\"service\"  aria-required=\"true\" required>\r\n           <option data-placeholder=\"true\"><\/option>           \r\n            <option value=1434>Professionelle \u00dcbersetzung<\/option><option value=1435>\u00dcbersetzung von Dokumenten \/ Beglaubigte \u00dcbersetzung<\/option><option value=1436>Medizinische \u00dcbersetzung<\/option><option value=1437>Juristische \u00dcbersetzung<\/option><option value=1438>Business-\u00dcbersetzung<\/option><option value=2490>\u00dcbersetzungsdienst<\/option>          <\/select>\r\n        <\/span>\r\n    <\/div>\r\n  <\/div><!-- \/row -->\r\n\r\n  <div class=\"order-form-row\">\r\n    <div>\r\n      <div id=\"drop-area\">\r\n         <span data-name=\"documents\">\r\n        <label class=\"select-documents\" for=\"documents\">Dokumente ausw\u00e4hlen<\/label>\r\n        <input id=\"documents\" class=\"visually-hidden\" type=\"file\" name=\"documents[]\" size=\"40\" accept=\".docx, .odt, .rtf, .pdf, .txt\"  multiple>\r\n      <\/span>\r\n\r\n      <span class=\"drop-area-text\">Oder legen Sie sie hier ab<\/span>\r\n      <div id=\"uploaded-files\"><\/div>\r\n    <\/div>\r\n    <span class=\"files-info\">Accepted formats: docx, rtf, odt, pdf, txt.. Maximum 4 files; 2 MB per file.<\/span>\r\n    <\/div>\r\n    <div class=\"files-errors form-errors\"><\/div>\r\n  <\/div><!-- \/row --> \r\n\r\n\r\n  <div class=\"order-form-row additional-features\">\r\n    <div>\r\n      <input type=\"checkbox\" id=\"authentication\" name=\"authentication\">\r\n      <label for=\"authentication\">Beglaubigung: + &euro;5.00 \/ sprache<\/label>\r\n      <div class=\"authentication-unavailable\"><\/div>\r\n    <\/div>\r\n    <div>\r\n      <input type=\"checkbox\" id=\"receive-via-post\" name=\"receive-via-post\">\r\n      <label for=\"receive-via-post\">Erhalt der \u00dcbersetzung per Post: + &euro;8.00<\/label>\r\n    <\/div>\r\n    <div>\r\n      <input type=\"checkbox\" id=\"receive-via-email-scanned\" name=\"receive-via-email-scanned\">\r\n      <label for=\"receive-via-email-scanned\">\u00dcbersetzung nach dem Scannen per E-Mail erhalten: + &euro;8.00 \/ sprache<\/label>\r\n    <\/div>\r\n    <div>\r\n      <input type=\"checkbox\" id=\"receive-via-email-word-file\" name=\"receive-via-email-word-file\">\r\n      <label for=\"receive-via-email-word-file\">Erhalt der \u00dcbersetzung per E-Mail per Word-Datei: + &euro;0.00<\/label>\r\n    <\/div>\r\n  <\/div> <!-- \/row -->\r\n\r\n\r\n  \r\n  <div class=\"order-form-row\">\r\n    <div>\r\n      <fieldset>\r\n      <legend class=\"visually-hidden\">Select package:<\/legend>\r\n      \r\n      <input class=\"tier\" type=\"hidden\" name=\"tier\" value=\"\">\r\n\r\n      <div class=\"col-3 translation-tiers\">\r\n\r\n                          <div>\r\n                    <h3>Wirtschaft<\/h3>\r\n                                        <span class=\"price-subtitle\">Maschinelle \u00dcbersetzung + leichte \u00dcberpr\u00fcfung<\/span>\r\n                    <div class=\"price-wrapper\">\r\n                      <span class=\"price\"> &euro;0.50\/zeile<\/span> <span class=\"price-asterisk\"><span>(+steuer)<\/span> *<\/span>\r\n                    <\/div>\r\n                    <span class=\"price-subtitle-2\">Wertvolle \u00dcbersetzung zum Verst\u00e4ndnis oder f\u00fcr den pers\u00f6nlichen Gebrauch. <a class=\"more-info\" href=\"#\">Mehr Infos<\/a><\/span>\r\n                    <small class=\"hidden\">\n<p>Kosteng\u00fcnstige und schnelle L\u00f6sung Leichte Bearbeitung einer maschinell erstellten \u00dcbersetzung durch einen professionellen muttersprachlichen \u00dcbersetzer, um nur die schwerwiegendsten Fehler zu entfernen. Nicht verf\u00fcgbar f\u00fcr gescannte PDFs und Bilder. Nicht f\u00fcr die Ver\u00f6ffentlichung geeignet.<\/p>\n<\/small>\r\n                    <input type=\"hidden\">\r\n                    <div class=\"align-center\">\r\n                      <button \r\n                        class=\"get-quote\" \r\n                        data-value=\"1410\" \r\n                        type=\"submit\"\r\n                      >\r\n                        Angebot einholen                      <\/button>\r\n                    <\/div>\r\n                  <\/div>\r\n                                <div>\r\n                    <h3>Professionell<\/h3>\r\n                    <span class=\"popular\">Beliebt<\/span>                    <span class=\"price-subtitle\">1 \u00dcbersetzer + Qualit\u00e4tskontrolle<\/span>\r\n                    <div class=\"price-wrapper\">\r\n                      <span class=\"price\"> &euro;0.90\/zeile<\/span> <span class=\"price-asterisk\"><span>(+steuer)<\/span> *<\/span>\r\n                    <\/div>\r\n                    <span class=\"price-subtitle-2\">Professionelle \u00dcbersetzung f\u00fcr Standardprojekte.  <a class=\"more-info\" href=\"#\">Mehr Infos<\/a><\/span>\r\n                    <small class=\"hidden\">\n<p>Professionelle Qualit\u00e4tsl\u00f6sung \u00dcbersetzung durch einen professionellen muttersprachlichen \u00dcbersetzer. Qualit\u00e4tsbewertung durch einen zweiten professionellen muttersprachlichen \u00dcbersetzer. Abschlie\u00dfende Qualit\u00e4tskontrolle durch einen engagierten Projektmanager. Auf Wunsch inklusive Translation Memory.<\/p>\n<\/small>\r\n                    <input type=\"hidden\">\r\n                    <div class=\"align-center\">\r\n                      <button \r\n                        class=\"get-quote\" \r\n                        data-value=\"1414\" \r\n                        type=\"submit\"\r\n                      >\r\n                        Angebot einholen                      <\/button>\r\n                    <\/div>\r\n                  <\/div>\r\n                                <div>\r\n                    <h3>Premium<\/h3>\r\n                                        <span class=\"price-subtitle\">2 \u00dcbersetzer + Qualit\u00e4tskontrolle<\/span>\r\n                    <div class=\"price-wrapper\">\r\n                      <span class=\"price\"> &euro;2.10\/zeile<\/span> <span class=\"price-asterisk\"><span>(+steuer)<\/span> *<\/span>\r\n                    <\/div>\r\n                    <span class=\"price-subtitle-2\">Hochwertige \u00dcbersetzung f\u00fcr Publikationszwecke. <a class=\"more-info\" href=\"#\">Mehr Infos<\/a><\/span>\r\n                    <small class=\"hidden\">\n<p>Hochwertige L\u00f6sung \u00dcbersetzung durch einen professionellen muttersprachlichen \u00dcbersetzer. Vollst\u00e4ndige \u00dcberarbeitung durch einen zweiten muttersprachlichen Fach\u00fcbersetzer. Abschlie\u00dfende Qualit\u00e4tskontrolle durch einen engagierten Projektmanager. Auf Wunsch mit Translation Memory und Glossar.<\/p>\n<\/small>\r\n                    <input type=\"hidden\">\r\n                    <div class=\"align-center\">\r\n                      <button \r\n                        class=\"get-quote\" \r\n                        data-value=\"1415\" \r\n                        type=\"submit\"\r\n                      >\r\n                        Angebot einholen                      <\/button>\r\n                    <\/div>\r\n                  <\/div>\r\n                      \r\n      <\/div>\r\n      <\/fieldset>\r\n    <\/div>\r\n  <\/div><!-- \/row -->\r\n  \r\n  <div class=\"form-footer\">\r\n    <p>* Der Mindestauftragswert betr\u00e4gt &euro;15.00<\/p>\r\n  <\/div>\r\n\r\n<\/form>\r\n\r\n<span class=\"loader\"><\/span>\r\n<div class=\"order-quote\">\r\n<\/div>\n","protected":false},"excerpt":{"rendered":"","protected":false},"author":1,"featured_media":0,"parent":0,"menu_order":0,"comment_status":"closed","ping_status":"closed","template":"","meta":{"footnotes":""},"class_list":["post-1460","page","type-page","status-publish","hentry"],"acf":[],"_links":{"self":[{"href":"https:\/\/muteba.com\/de\/wp-json\/wp\/v2\/pages\/1460","targetHints":{"allow":["GET"]}}],"collection":[{"href":"https:\/\/muteba.com\/de\/wp-json\/wp\/v2\/pages"}],"about":[{"href":"https:\/\/muteba.com\/de\/wp-json\/wp\/v2\/types\/page"}],"author":[{"embeddable":true,"href":"https:\/\/muteba.com\/de\/wp-json\/wp\/v2\/users\/1"}],"replies":[{"embeddable":true,"href":"https:\/\/muteba.com\/de\/wp-json\/wp\/v2\/comments?post=1460"}],"version-history":[{"count":1,"href":"https:\/\/muteba.com\/de\/wp-json\/wp\/v2\/pages\/1460\/revisions"}],"predecessor-version":[{"id":1461,"href":"https:\/\/muteba.com\/de\/wp-json\/wp\/v2\/pages\/1460\/revisions\/1461"}],"wp:attachment":[{"href":"https:\/\/muteba.com\/de\/wp-json\/wp\/v2\/media?parent=1460"}],"curies":[{"name":"wp","href":"https:\/\/api.w.org\/{rel}","templated":true}]}}