{"id":2378,"date":"2023-11-15T19:22:55","date_gmt":"2023-11-15T19:22:55","guid":{"rendered":"https:\/\/muteba.de\/dienstleistungen-2\/mitarbeiter\/"},"modified":"2024-01-10T08:13:54","modified_gmt":"2024-01-10T08:13:54","slug":"mitarbeiter","status":"publish","type":"page","link":"https:\/\/muteba.com\/de\/dienstleistungen-2\/mitarbeiter\/","title":{"rendered":"Mitarbeiter"},"content":{"rendered":"\n<div class=\"wp-block-vikappointments-gutenberg-shortcodes\">\n<div class=\"wrap plugin-container\">\n\n\t\n\t\n\t\n<!-- employees toolbar  -->\n\t\n\n<div class=\"vap-emplist-toolbar\">\n\t\n\t\n\t<div class=\"vap-emplist-toolbar-top\">\n\n\t\t\t\t\t<div class=\"vap-emplist-ordering\">\n\t\t\t\t<span>\n\t\t\t\t\t<button type=\"button\" class=\"vap-btn small blue\" onClick=\"vapDisplayFilters(this);\">\n\t\t\t\t\t\tOrdering Filter\t\t\t\t\t<\/button>\n\t\t\t\t<\/span>\n\t\t\t\t\n\t\t\t\t<div class=\"vap-emplist-ordering-fields\">\n\t\t\t\t\t<ul>\n\t\t\t\t\t\t\n\t\t\t\t\t\t\t<li class=\"selected\">\n\t\t\t\t\t\t\t\t\t\t\t\t\t\t\t\t\t<span>Alphabetically a..Z<\/span>\n\t\t\t\t\t\t\t\t\t\t\t\t\t\t\t\t<\/li>\n\t\t\t\t\t\t\t\n\t\t\t\t\t\t\t<li class=\"\">\n\t\t\t\t\t\t\t\t\t\t\t\t\t\t\t\t\t<a href=\"index.php?option=com_vikappointments&view=employeeslist&ordering=2\">Alphabetically Z..a<\/a>\n\t\t\t\t\t\t\t\t\t\t\t\t\t\t\t\t<\/li>\n\t\t\t\t\t\t\t\n\t\t\t\t\t\t\t<li class=\"\">\n\t\t\t\t\t\t\t\t\t\t\t\t\t\t\t\t\t<a href=\"index.php?option=com_vikappointments&view=employeeslist&ordering=3\">Newest Employees<\/a>\n\t\t\t\t\t\t\t\t\t\t\t\t\t\t\t\t<\/li>\n\t\t\t\t\t\t\t\n\t\t\t\t\t\t\t<li class=\"\">\n\t\t\t\t\t\t\t\t\t\t\t\t\t\t\t\t\t<a href=\"index.php?option=com_vikappointments&view=employeeslist&ordering=4\">Oldest Employees<\/a>\n\t\t\t\t\t\t\t\t\t\t\t\t\t\t\t\t<\/li>\n\t\t\t\t\t\t\t\n\t\t\t\t\t\t\t<li class=\"\">\n\t\t\t\t\t\t\t\t\t\t\t\t\t\t\t\t\t<a href=\"index.php?option=com_vikappointments&view=employeeslist&ordering=5\">Most Popular<\/a>\n\t\t\t\t\t\t\t\t\t\t\t\t\t\t\t\t<\/li>\n\t\t\t\t\t\t\t\n\t\t\t\t\t\t\t<li class=\"\">\n\t\t\t\t\t\t\t\t\t\t\t\t\t\t\t\t\t<a href=\"index.php?option=com_vikappointments&view=employeeslist&ordering=6\">Highest Rating<\/a>\n\t\t\t\t\t\t\t\t\t\t\t\t\t\t\t\t<\/li>\n\t\t\t\t\t\t\t\t\t\t\t\t<\/ul>\n\t\t\t\t<\/div>\n\n\t\t\t<\/div>\n\t\t\t\n\t<\/div>\n\n\t<\/div>\n\n\n<script>\n\t\n\tjQuery(function($) {\n\t\t$('.vap-empgroup-sel').select2({\n\t\t\tplaceholder: Joomla.JText._('VAPEMPALLGROUPSOPTION'),\n\t\t\tallowClear: true,\n\t\t\twidth: 300\n\t\t});\n\n\t\t$('.vap-empgroup-sel').on('change', () => {\n\t\t\t$('#vap-empgroup-form').submit();\n\t\t});\n\t});\n\n\tfunction vapDisplayFilters(button) {\n\t\tvar fields = jQuery('.vap-emplist-ordering-fields');\n\t\tif (!fields.is(':visible')) {\n\t\t\tfields.slideDown();\n\t\t\tjQuery(button).addClass('active');\n\t\t} else {\n\t\t\tfields.slideUp();\n\t\t\tjQuery(button).removeClass('active');\n\t\t}\n\t}\n\n<\/script>\n\t\n<!-- employees list -->\n\t\n<div class=\"vapempallblocks\">\n\n\t\n<div class=\"vapempblock light-theme-background\" id=\"vapempblock16\">\n\n\t<div class=\"vapempinfoblock\">\n\n\t\t\t\t\t<!-- display image -->\n\n\t\t\t<div class=\"vapempimgdiv\">\n\t\t\t\t\t\t\t\t\t<a href=\"https:\/\/muteba.com\/de\/dienstleistungen-2\/mitarbeiter\/?option=com_vikappointments&amp;view=employeesearch&amp;id_employee=16\">\n\t\t\t\t\t\t<img decoding=\"async\" loading=\"lazy\" alt=\"Said Ahmed Q\" src=\"http:\/\/muteba.com\/wp-content\/uploads\/vikappointments\/media@small\/Interpreters_Sayid_Q_edit.png\" \/>\t\t\t\t\t<\/a>\n\t\t\t\t\t    \n\t\t\t<\/div>\n\t\t\t\n\t\t<div class=\"vap-empinfo\">\n\n\t\t\t<!-- block with name and reviews -->\n\n\t\t\t<div class=\"vap-empheader-div\">\n\n\t\t\t\t<div class=\"vapempnamediv\">\n\t\t\t\t\t<a href=\"https:\/\/muteba.com\/de\/dienstleistungen-2\/mitarbeiter\/?option=com_vikappointments&amp;view=employeesearch&amp;id_employee=16\">\n\t\t\t\t\t\tSaid Ahmed Q\t\t\t\t\t<\/a>\n\t\t\t\t<\/div>\n\n\t\t\t\t\t\t\t\t\t<div class=\"vapempratingdiv\">\n\t\t\t\t\t\t\t\t\t\t\t<\/div>\n\n\t\t\t\t\t<div class=\"vap-empsubreview-div\">\n\t\t\t\t\t\tNo review\t\t\t\t\t<\/div>\n\t\t\t\t\t\n\t\t\t<\/div>\n\n\t\t<\/div>\n\t   \n\t\t<div class=\"vapempdescdiv\">\n\n\t\t\t<!-- employee description -->\n\n\t\t\tSprachen\nDeutsch - urdu\nContext: \nText to translate: Mehr \u00fcber \nUrdu und Punjabi sind zwei wichtige Sprachen, die haupts\u00e4chlich in S\u00fcdasien, insbesondere in Pakistan und Indien, gesprochen werden.\nKontext: \nText zu \u00fcbersetzen: \nObwohl sie aufgrund ihrer geografischen N\u00e4he und historischen Interaktionen einige \u00c4hnlichkeiten aufweisen, geh\u00f6ren sie ve...\t\t<\/div>\n\t\t\n\t\t\t\t\n\t<\/div>\n\t\n\t\n<\/div>\n\n<div class=\"vapempblock light-theme-background\" id=\"vapempblock11\">\n\n\t<div class=\"vapempinfoblock\">\n\n\t\t\t\t\t<!-- display image -->\n\n\t\t\t<div class=\"vapempimgdiv\">\n\t\t\t\t\t\t\t\t\t<a href=\"https:\/\/muteba.com\/de\/dienstleistungen-2\/mitarbeiter\/?option=com_vikappointments&amp;view=employeesearch&amp;id_employee=11\">\n\t\t\t\t\t\t<img decoding=\"async\" loading=\"lazy\" alt=\"Lemma B\" src=\"http:\/\/muteba.com\/wp-content\/uploads\/vikappointments\/media@small\/ourstafff1.jpg\" \/>\t\t\t\t\t<\/a>\n\t\t\t\t\t    \n\t\t\t<\/div>\n\t\t\t\n\t\t<div class=\"vap-empinfo\">\n\n\t\t\t<!-- block with name and reviews -->\n\n\t\t\t<div class=\"vap-empheader-div\">\n\n\t\t\t\t<div class=\"vapempnamediv\">\n\t\t\t\t\t<a href=\"https:\/\/muteba.com\/de\/dienstleistungen-2\/mitarbeiter\/?option=com_vikappointments&amp;view=employeesearch&amp;id_employee=11\">\n\t\t\t\t\t\tLemma B\t\t\t\t\t<\/a>\n\t\t\t\t<\/div>\n\n\t\t\t\t\t\t\t\t\t<div class=\"vapempratingdiv\">\n\t\t\t\t\t\t\t\t\t\t\t<\/div>\n\n\t\t\t\t\t<div class=\"vap-empsubreview-div\">\n\t\t\t\t\t\tNo review\t\t\t\t\t<\/div>\n\t\t\t\t\t\n\t\t\t<\/div>\n\n\t\t<\/div>\n\t   \n\t\t<div class=\"vapempdescdiv\">\n\n\t\t\t<!-- employee description -->\n\n\t\t\tKiamhari na Kioromo ni lugha mbili kuu zinazozungumzwa nchini Ethiopia, kila moja ikiwa na mizizi ya kipekee ya lugha, umuhimu wa kitamaduni, na usuli wa kihistoria. Hapa kuna ulinganisho wa kina wa hizo mbili:\n1. Kiamhari\n\u2022 Inazungumzwa katika: Hasa nchini Ethiopia; ni lugha rasmi ya kazi ya nchi.\n\u2022 Idadi ya wazungumzaji: Takriban wazungumzaji mil...\t\t<\/div>\n\t\t\n\t\t\t\t\t<!-- employee locations list -->\n\n\t\t\t<div class=\"vap-emp-avloc-block\">\n\t\t\t\t\n\t\t\t\t\n\t\t\t\t\t<div class=\"vap-emp-avlocation-item\">\n\t\t\t\t\t\t<span class=\"address\"><i class=\"fas fa-map-marker-alt\"><\/i> Hotel de Rome , a Rocco Forte Hotel Behrenstrabe 37 10117 Berlin, 10117 BE, DE<\/span>\n\t\t\t\t\t\t\n\t\t\t\t\t\t\t\t\t\t\t<\/div>\n\t\t\t\t\t\n\t\t\t<\/div>\n\n\t\t\t\t\t\n\t<\/div>\n\t\n\t\n<\/div>\n\n<div class=\"vapempblock light-theme-background\" id=\"vapempblock12\">\n\n\t<div class=\"vapempinfoblock\">\n\n\t\t\t\t\t<!-- display image -->\n\n\t\t\t<div class=\"vapempimgdiv\">\n\t\t\t\t\t\t\t\t\t<a href=\"https:\/\/muteba.com\/de\/dienstleistungen-2\/mitarbeiter\/?option=com_vikappointments&amp;view=employeesearch&amp;id_employee=12\">\n\t\t\t\t\t\t<img decoding=\"async\" loading=\"lazy\" alt=\"Robert B\" src=\"http:\/\/muteba.com\/wp-content\/uploads\/vikappointments\/media@small\/robertb.png\" \/>\t\t\t\t\t<\/a>\n\t\t\t\t\t    \n\t\t\t<\/div>\n\t\t\t\n\t\t<div class=\"vap-empinfo\">\n\n\t\t\t<!-- block with name and reviews -->\n\n\t\t\t<div class=\"vap-empheader-div\">\n\n\t\t\t\t<div class=\"vapempnamediv\">\n\t\t\t\t\t<a href=\"https:\/\/muteba.com\/de\/dienstleistungen-2\/mitarbeiter\/?option=com_vikappointments&amp;view=employeesearch&amp;id_employee=12\">\n\t\t\t\t\t\tRobert B\t\t\t\t\t<\/a>\n\t\t\t\t<\/div>\n\n\t\t\t\t\t\t\t\t\t<div class=\"vapempratingdiv\">\n\t\t\t\t\t\t\t\t\t\t\t<\/div>\n\n\t\t\t\t\t<div class=\"vap-empsubreview-div\">\n\t\t\t\t\t\tNo review\t\t\t\t\t<\/div>\n\t\t\t\t\t\n\t\t\t<\/div>\n\n\t\t<\/div>\n\t   \n\t\t<div class=\"vapempdescdiv\">\n\n\t\t\t<!-- employee description -->\n\n\t\t\tLugha\nKijerumani - Kifaransa - Kiingereza - Kihispania - Kiitaliano\nMengi Zaidi Kuhusu Kijerumani: Ikijulikana kwa sarufi yake changamano na maneno ambatani, Kijerumani ndiyo lugha inayozungumzwa na watu wengi zaidi katika Umoja wa Ulaya.\n\nNi maarufu kwa usahihi wake na uwezo wa kuunda maneno mapya kwa kuchanganya yaliyopo. Kijerumani kimeathiri kw...\t\t<\/div>\n\t\t\n\t\t\t\t\n\t<\/div>\n\t\n\t\n<\/div>\n\n<div class=\"vapempblock light-theme-background\" id=\"vapempblock19\">\n\n\t<div class=\"vapempinfoblock\">\n\n\t\t\t\t\t<!-- display image -->\n\n\t\t\t<div class=\"vapempimgdiv\">\n\t\t\t\t\t\t\t\t\t<a href=\"https:\/\/muteba.com\/de\/dienstleistungen-2\/mitarbeiter\/?option=com_vikappointments&amp;view=employeesearch&amp;id_employee=19\">\n\t\t\t\t\t\t<img decoding=\"async\" loading=\"lazy\" alt=\"Anamika D\" src=\"http:\/\/muteba.com\/wp-content\/uploads\/vikappointments\/media@small\/anamik.jpg\" \/>\t\t\t\t\t<\/a>\n\t\t\t\t\t    \n\t\t\t<\/div>\n\t\t\t\n\t\t<div class=\"vap-empinfo\">\n\n\t\t\t<!-- block with name and reviews -->\n\n\t\t\t<div class=\"vap-empheader-div\">\n\n\t\t\t\t<div class=\"vapempnamediv\">\n\t\t\t\t\t<a href=\"https:\/\/muteba.com\/de\/dienstleistungen-2\/mitarbeiter\/?option=com_vikappointments&amp;view=employeesearch&amp;id_employee=19\">\n\t\t\t\t\t\tAnamika D\t\t\t\t\t<\/a>\n\t\t\t\t<\/div>\n\n\t\t\t\t\t\t\t\t\t<div class=\"vapempratingdiv\">\n\t\t\t\t\t\t\t\t\t\t\t<\/div>\n\n\t\t\t\t\t<div class=\"vap-empsubreview-div\">\n\t\t\t\t\t\tNo review\t\t\t\t\t<\/div>\n\t\t\t\t\t\n\t\t\t<\/div>\n\n\t\t<\/div>\n\t   \n\t\t<div class=\"vapempdescdiv\">\n\n\t\t\t<!-- employee description -->\n\n\t\t\t<p><strong>Sprachen<\/strong><br \/>\nDeutsch - Bengali - Hindi<\/p>\n<p>Bitte geben Sie den Text ein, den Sie \u00fcbersetzen m\u00f6chten.Mehr \u00fcber <strong>Bengalisch<\/strong> und <strong>Hindi<\/strong> sind zwei der am weitesten verbreiteten Sprachen in S\u00fcdasien, jede mit ihrer eigenen reichen Geschichte, Kultur und sprachlichen Merkmalen. Obwohl beide <strong>indogermanische Sprachen<\/strong> sind und einige \u00c4hnlichkeiten aufweisen,<\/p>\n<p>Kontext: \t\t<\/div>\n\t\t\n\t\t\t\t\n\t<\/div>\n\t\n\t\n<\/div>\n\n<div class=\"vapempblock light-theme-background\" id=\"vapempblock20\">\n\n\t<div class=\"vapempinfoblock\">\n\n\t\t\t\t\t<!-- display image -->\n\n\t\t\t<div class=\"vapempimgdiv\">\n\t\t\t\t\t\t\t\t\t<a href=\"https:\/\/muteba.com\/de\/dienstleistungen-2\/mitarbeiter\/?option=com_vikappointments&amp;view=employeesearch&amp;id_employee=20\">\n\t\t\t\t\t\t<img decoding=\"async\" loading=\"lazy\" alt=\"Carine Marques Da Silva\" src=\"http:\/\/muteba.com\/wp-content\/uploads\/vikappointments\/media@small\/carnie.png\" \/>\t\t\t\t\t<\/a>\n\t\t\t\t\t    \n\t\t\t<\/div>\n\t\t\t\n\t\t<div class=\"vap-empinfo\">\n\n\t\t\t<!-- block with name and reviews -->\n\n\t\t\t<div class=\"vap-empheader-div\">\n\n\t\t\t\t<div class=\"vapempnamediv\">\n\t\t\t\t\t<a href=\"https:\/\/muteba.com\/de\/dienstleistungen-2\/mitarbeiter\/?option=com_vikappointments&amp;view=employeesearch&amp;id_employee=20\">\n\t\t\t\t\t\tCarine Marques Da Silva\t\t\t\t\t<\/a>\n\t\t\t\t<\/div>\n\n\t\t\t\t\t\t\t\t\t<div class=\"vapempratingdiv\">\n\t\t\t\t\t\t\t\t\t\t\t<\/div>\n\n\t\t\t\t\t<div class=\"vap-empsubreview-div\">\n\t\t\t\t\t\tNo review\t\t\t\t\t<\/div>\n\t\t\t\t\t\n\t\t\t<\/div>\n\n\t\t<\/div>\n\t   \n\t\t<div class=\"vapempdescdiv\">\n\n\t\t\t<!-- employee description -->\n\n\t\t\t<p>German \u2013 French \u2013 Portuguese<\/p>\n<p>More About Portuguese Portuguese is indeed an important global language with significant reach:<\/p>\n<p>\u2022 It's the official language in nine countries across four continents, including Brazil, Portugal, Angola, and Mozambique.<\/p>\n\t\t<\/div>\n\t\t\n\t\t\t\t\n\t<\/div>\n\t\n\t\n<\/div>\n\n<div class=\"vapempblock light-theme-background\" id=\"vapempblock13\">\n\n\t<div class=\"vapempinfoblock\">\n\n\t\t\t\t\t<!-- display image -->\n\n\t\t\t<div class=\"vapempimgdiv\">\n\t\t\t\t\t\t\t\t\t<a href=\"https:\/\/muteba.com\/de\/dienstleistungen-2\/mitarbeiter\/?option=com_vikappointments&amp;view=employeesearch&amp;id_employee=13\">\n\t\t\t\t\t\t<img decoding=\"async\" loading=\"lazy\" alt=\"Abraha J\" src=\"http:\/\/muteba.com\/wp-content\/uploads\/vikappointments\/media@small\/abraha.jpg\" \/>\t\t\t\t\t<\/a>\n\t\t\t\t\t    \n\t\t\t<\/div>\n\t\t\t\n\t\t<div class=\"vap-empinfo\">\n\n\t\t\t<!-- block with name and reviews -->\n\n\t\t\t<div class=\"vap-empheader-div\">\n\n\t\t\t\t<div class=\"vapempnamediv\">\n\t\t\t\t\t<a href=\"https:\/\/muteba.com\/de\/dienstleistungen-2\/mitarbeiter\/?option=com_vikappointments&amp;view=employeesearch&amp;id_employee=13\">\n\t\t\t\t\t\tAbraha J\t\t\t\t\t<\/a>\n\t\t\t\t<\/div>\n\n\t\t\t\t\t\t\t\t\t<div class=\"vapempratingdiv\">\n\t\t\t\t\t\t\t\t\t\t\t<\/div>\n\n\t\t\t\t\t<div class=\"vap-empsubreview-div\">\n\t\t\t\t\t\tNo review\t\t\t\t\t<\/div>\n\t\t\t\t\t\n\t\t\t<\/div>\n\n\t\t<\/div>\n\t   \n\t\t<div class=\"vapempdescdiv\">\n\n\t\t\t<!-- employee description -->\n\n\t\t\tLugha\nKijerumani - Tigrinya - Amharic\nVipimo\nKitigrinya - Kiamhari\nMengi zaidi kuhusu Kitigrinya na Kiamhari zote mbili ni lugha za Kisemiti zinazozungumzwa hasa katika Pembe ya Afrika.\n\nWanashiriki urithi wa kawaida wa lugha, lakini wako tofauti katika fonolojia, msamiati, na sarufi yao. Huu hapa ni muhtasari wa kulinganisha wa lugha hizo mbili:\n1...\t\t<\/div>\n\t\t\n\t\t\t\t\n\t<\/div>\n\t\n\t\n<\/div>\n\n<div class=\"vapempblock light-theme-background\" id=\"vapempblock15\">\n\n\t<div class=\"vapempinfoblock\">\n\n\t\t\t\t\t<!-- display image -->\n\n\t\t\t<div class=\"vapempimgdiv\">\n\t\t\t\t\t\t\t\t\t<a href=\"https:\/\/muteba.com\/de\/dienstleistungen-2\/mitarbeiter\/?option=com_vikappointments&amp;view=employeesearch&amp;id_employee=15\">\n\t\t\t\t\t\t<img decoding=\"async\" loading=\"lazy\" alt=\"Ahmed J\" src=\"http:\/\/muteba.com\/wp-content\/uploads\/vikappointments\/media@small\/Ahmad_Jama.png\" \/>\t\t\t\t\t<\/a>\n\t\t\t\t\t    \n\t\t\t<\/div>\n\t\t\t\n\t\t<div class=\"vap-empinfo\">\n\n\t\t\t<!-- block with name and reviews -->\n\n\t\t\t<div class=\"vap-empheader-div\">\n\n\t\t\t\t<div class=\"vapempnamediv\">\n\t\t\t\t\t<a href=\"https:\/\/muteba.com\/de\/dienstleistungen-2\/mitarbeiter\/?option=com_vikappointments&amp;view=employeesearch&amp;id_employee=15\">\n\t\t\t\t\t\tAhmed J\t\t\t\t\t<\/a>\n\t\t\t\t<\/div>\n\n\t\t\t\t\t\t\t\t\t<div class=\"vapempratingdiv\">\n\t\t\t\t\t\t\t\t\t\t\t<\/div>\n\n\t\t\t\t\t<div class=\"vap-empsubreview-div\">\n\t\t\t\t\t\tNo review\t\t\t\t\t<\/div>\n\t\t\t\t\t\n\t\t\t<\/div>\n\n\t\t<\/div>\n\t   \n\t\t<div class=\"vapempdescdiv\">\n\n\t\t\t<!-- employee description -->\n\n\t\t\tDeutsch - Somali - Arabisch\nSpezifikationen\nSomalisch - ArabischMehr \u00fcber\nHier ist eine Zusammenfassung der somalischen und arabischen Sprachen.\nKontext: \nText zu \u00fcbersetzen: \nFokussierung auf ihre wesentlichen Merkmale:\nSomali:\nSomali ist eine afroasiatische Sprache, die haupts\u00e4chlich in Somalia, Dschibuti und Teilen \u00c4thiopiens und Kenias gesproch...\t\t<\/div>\n\t\t\n\t\t\t\t\n\t<\/div>\n\t\n\t\n<\/div>\n\n<div class=\"vapempblock light-theme-background\" id=\"vapempblock18\">\n\n\t<div class=\"vapempinfoblock\">\n\n\t\t\t\t\t<!-- display image -->\n\n\t\t\t<div class=\"vapempimgdiv\">\n\t\t\t\t\t\t\t\t\t<a href=\"https:\/\/muteba.com\/de\/dienstleistungen-2\/mitarbeiter\/?option=com_vikappointments&amp;view=employeesearch&amp;id_employee=18\">\n\t\t\t\t\t\t<img decoding=\"async\" loading=\"lazy\" alt=\"Mariama K\" src=\"http:\/\/muteba.com\/wp-content\/uploads\/vikappointments\/media@small\/mariam.png\" \/>\t\t\t\t\t<\/a>\n\t\t\t\t\t    \n\t\t\t<\/div>\n\t\t\t\n\t\t<div class=\"vap-empinfo\">\n\n\t\t\t<!-- block with name and reviews -->\n\n\t\t\t<div class=\"vap-empheader-div\">\n\n\t\t\t\t<div class=\"vapempnamediv\">\n\t\t\t\t\t<a href=\"https:\/\/muteba.com\/de\/dienstleistungen-2\/mitarbeiter\/?option=com_vikappointments&amp;view=employeesearch&amp;id_employee=18\">\n\t\t\t\t\t\tMariama K\t\t\t\t\t<\/a>\n\t\t\t\t<\/div>\n\n\t\t\t\t\t\t\t\t\t<div class=\"vapempratingdiv\">\n\t\t\t\t\t\t\t\t\t\t\t<\/div>\n\n\t\t\t\t\t<div class=\"vap-empsubreview-div\">\n\t\t\t\t\t\tNo review\t\t\t\t\t<\/div>\n\t\t\t\t\t\n\t\t\t<\/div>\n\n\t\t<\/div>\n\t   \n\t\t<div class=\"vapempdescdiv\">\n\n\t\t\t<!-- employee description -->\n\n\t\t\tSprachen\nDeutsch - Franz\u00f6sisch - Bambara\nKontext: \nText zu \u00fcbersetzen: Mehr \u00fcber Bambara, auch bekannt als Bamana oder Bamanakan, ist eine Sprache, die haupts\u00e4chlich in Mali, Westafrika, gesprochen wird. Es geh\u00f6rt zur Mande-Sprachfamilie und dient als Lingua Franca in Mali.\nKontext: \nText zu \u00fcbersetzen: \nwas bedeutet, dass es weit verbreitet f\u00fcr di...\t\t<\/div>\n\t\t\n\t\t\t\t\n\t<\/div>\n\t\n\t\n<\/div>\n\n<div class=\"vapempblock light-theme-background\" id=\"vapempblock17\">\n\n\t<div class=\"vapempinfoblock\">\n\n\t\t\t\t\t<!-- display image -->\n\n\t\t\t<div class=\"vapempimgdiv\">\n\t\t\t\t\t\t\t\t\t<a href=\"https:\/\/muteba.com\/de\/dienstleistungen-2\/mitarbeiter\/?option=com_vikappointments&amp;view=employeesearch&amp;id_employee=17\">\n\t\t\t\t\t\t<img decoding=\"async\" loading=\"lazy\" alt=\"Tshibanda M\" src=\"http:\/\/muteba.com\/wp-content\/uploads\/vikappointments\/media@small\/tshiban.jpg\" \/>\t\t\t\t\t<\/a>\n\t\t\t\t\t    \n\t\t\t<\/div>\n\t\t\t\n\t\t<div class=\"vap-empinfo\">\n\n\t\t\t<!-- block with name and reviews -->\n\n\t\t\t<div class=\"vap-empheader-div\">\n\n\t\t\t\t<div class=\"vapempnamediv\">\n\t\t\t\t\t<a href=\"https:\/\/muteba.com\/de\/dienstleistungen-2\/mitarbeiter\/?option=com_vikappointments&amp;view=employeesearch&amp;id_employee=17\">\n\t\t\t\t\t\tTshibanda M\t\t\t\t\t<\/a>\n\t\t\t\t<\/div>\n\n\t\t\t\t\t\t\t\t\t<div class=\"vapempratingdiv\">\n\t\t\t\t\t\t\t\t\t\t\t<\/div>\n\n\t\t\t\t\t<div class=\"vap-empsubreview-div\">\n\t\t\t\t\t\tNo review\t\t\t\t\t<\/div>\n\t\t\t\t\t\n\t\t\t<\/div>\n\n\t\t<\/div>\n\t   \n\t\t<div class=\"vapempdescdiv\">\n\n\t\t\t<!-- employee description -->\n\n\t\t\tSprachen\nDeutsch - Franz\u00f6sisch - Englisch - Lingala - Swahili - Tshiluba\nPlease provide the text you would like to have translated into German.Mehr \u00fcber Lingala:\nLingala ist eine Bantusprache, die haupts\u00e4chlich im nordwestlichen Teil der Demokratischen Republik Kongo (DRK) und in einem gro\u00dfen Teil der Republik Kongo gesprochen wird.\nKontext: \nText...\t\t<\/div>\n\t\t\n\t\t\t\t\n\t<\/div>\n\t\n\t\n<\/div>\n\n<div class=\"vapempblock light-theme-background\" id=\"vapempblock14\">\n\n\t<div class=\"vapempinfoblock\">\n\n\t\t\t\t\t<!-- display image -->\n\n\t\t\t<div class=\"vapempimgdiv\">\n\t\t\t\t\t\t\t\t\t<a href=\"https:\/\/muteba.com\/de\/dienstleistungen-2\/mitarbeiter\/?option=com_vikappointments&amp;view=employeesearch&amp;id_employee=14\">\n\t\t\t\t\t\t<img decoding=\"async\" loading=\"lazy\" alt=\"Koku Mawutso L\" src=\"http:\/\/muteba.com\/wp-content\/uploads\/vikappointments\/media@small\/Interpreters_Lovi.png\" \/>\t\t\t\t\t<\/a>\n\t\t\t\t\t    \n\t\t\t<\/div>\n\t\t\t\n\t\t<div class=\"vap-empinfo\">\n\n\t\t\t<!-- block with name and reviews -->\n\n\t\t\t<div class=\"vap-empheader-div\">\n\n\t\t\t\t<div class=\"vapempnamediv\">\n\t\t\t\t\t<a href=\"https:\/\/muteba.com\/de\/dienstleistungen-2\/mitarbeiter\/?option=com_vikappointments&amp;view=employeesearch&amp;id_employee=14\">\n\t\t\t\t\t\tKoku Mawutso L\t\t\t\t\t<\/a>\n\t\t\t\t<\/div>\n\n\t\t\t\t\t\t\t\t\t<div class=\"vapempratingdiv\">\n\t\t\t\t\t\t\t\t\t\t\t<\/div>\n\n\t\t\t\t\t<div class=\"vap-empsubreview-div\">\n\t\t\t\t\t\tNo review\t\t\t\t\t<\/div>\n\t\t\t\t\t\n\t\t\t<\/div>\n\n\t\t<\/div>\n\t   \n\t\t<div class=\"vapempdescdiv\">\n\n\t\t\t<!-- employee description -->\n\n\t\t\tSprachen\nDeutsch - Franz\u00f6sisch - Kotokoli\nKontext: \nText zu \u00fcbersetzen: Mehr \u00fcber\n\u25e6 Kotokoli, auch bekannt als Tem, ist eine Sprache, die haupts\u00e4chlich in Togo gesprochen wird,\nKontext: \nText zu \u00fcbersetzen: \nmit kleineren Gemeinschaften in Teilen von Benin, Ghana und Burkina Faso. Kontext: \nText zu \u00fcbersetzen: Es ist die Sprache der Tem-Leute (manc...\t\t<\/div>\n\t\t\n\t\t\t\t\n\t<\/div>\n\t\n\t\n<\/div>\n\n<\/div>\n\n<form action=\"https:\/\/muteba.com\/employees-list\/\" method=\"post\">\n\t<input type=\"hidden\" id=\"vikwp_nonce\" name=\"vikwp_nonce\" value=\"a2fe0ea111\" \/><input type=\"hidden\" name=\"_wp_http_referer\" value=\"\/de\/wp-json\/wp\/v2\/pages\/2378\" \/>\t<div class=\"vap-list-pagination\"><\/div>\n\t<input type=\"hidden\" name=\"option\" value=\"com_vikappointments\" \/>\n\t<input type=\"hidden\" name=\"view\" value=\"employeeslist\" \/>\n<\/form>\n\n<!-- employees contact form -->\n\n\n<form action=\"https:\/\/muteba.com\/de\/dienstleistungen-2\/mitarbeiter\/?option=com_vikappointments&amp;task=employeesearch.quickcontact\" method=\"post\" name=\"quickcontactform\">\n\t\n\t<div class=\"vapqcdiv light-theme-background\" style=\"display: none;\">\n\t\t\n\t\t<h2 class=\"vapqcnominative\"><\/h2>\n\t\t\n\t\t<div class=\"vapqcsendname\">\n\t\t\t<label for=\"qc-send-name\">Your Name<\/label>\n\t\t\t<input id=\"qc-send-name\" type=\"text\" name=\"sendername\" value=\"\" class=\"required\" size=\"32\" \/>\n\t\t<\/div>\n\t\t\n\t\t<div class=\"vapqcsendmail\">\n\t\t\t<span class=\"vapqcmailsp\">\n\t\t\t\t<label for=\"qc-send-mail\">Your e-mail<\/label>\n\t\t\t\t<input id=\"qc-send-mail\" type=\"email\" name=\"sendermail\" value=\"\" class=\"required\" size=\"32\" \/>\n\t\t\t<\/span>\n\t\t<\/div>\n\t\t\n\t\t<div class=\"vapqcmailcont\">\n\t\t\t<label for=\"qc-send-text\" style=\"vertical-align: top;\">Your questions<\/label>\n\t\t\t<textarea name=\"mail_content\" id=\"qc-send-text\" class=\"required\"><\/textarea>\n\t\t<\/div>\n\n\t\t\t\t\n\t\t<span class=\"vapqcbuttonsp\">\n\t\t\t<button type=\"submit\" class=\"vap-btn blue\" onClick=\"return vapValidateBeforeSendMail();\">\n\t\t\t\tSend\t\t\t<\/button>\n\n\t\t\t<button type=\"button\" class=\"vap-btn\" onClick=\"vapCancelMail();\">\n\t\t\t\tCancel\t\t\t<\/button> \n\t\t<\/span>\n\n\t\t\t\t\t<p class=\"gdpr-footer-disclaimer\">\n\t\t\t\t<i class=\"fas fa-info-circle\"><span>The specified data won't be stored within our system.<\/span><\/i>\n\t\t\t<\/p>\n\t\t\t\t\t\n\t<\/div>\n\t\n\t<input type=\"hidden\" id=\"vikwp_nonce\" name=\"vikwp_nonce\" value=\"a2fe0ea111\" \/><input type=\"hidden\" name=\"_wp_http_referer\" value=\"\/de\/wp-json\/wp\/v2\/pages\/2378\" \/>\t<input type=\"hidden\" name=\"id_employee\" value=\"0\" \/>\n\t<input type=\"hidden\" name=\"option\" value=\"com_vikappointments\" \/>\n\t<input type=\"hidden\" name=\"task\" value=\"employeesearch.quickcontact\" \/> \n\t<input type=\"hidden\" name=\"return\" value=\"aW5kZXgucGhwP29wdGlvbj1jb21fdmlrYXBwb2ludG1lbnRzJnZpZXc9ZW1wbG95ZWVzbGlzdA==\" \/>\n<\/form>\n\n<script>\n\n\tvar qcValidator;\n\tvar cancelElement = null;\n\n\tjQuery(function($) {\n\t\t\/\/ instantiate validator on ready\n\t\tqcValidator = new VikFormValidator('form[name=\"quickcontactform\"]', 'vaprequiredfield');\n\n\t\t\t});\n\n\tfunction vapValidateBeforeSendMail() {\n\t\treturn qcValidator.validate();\n\t}\n\t\n\tfunction vapCancelMail() {\n\t\tjQuery('.vapqcdiv').fadeOut();\n\n\t\tif (cancelElement) {\n\t\t\tjQuery('html,body').animate({\n\t\t\t\tscrollTop: (jQuery(cancelElement).offset().top - 20),\n\t\t\t}, {\n\t\t\t\tduration: 'normal',\n\t\t\t});\n\t\t}\n\t}\n\n\t\/\/ used when clicking \"QUICK CONTACT\" from the list\n\tfunction vapGoToMail(elem, id, name) {\n\t\tcancelElement = elem;\n\n\t\tif (id) { \n\t\t\tjQuery('input[name=\"id_employee\"]').val(id);\n\t\t}\n\n\t\tif (name) {\n\t\t\tjQuery('.vapqcnominative').text(name);\n\t\t}\n\n\t\tjQuery('.vapqcdiv').fadeIn();\n\t\tjQuery('html,body').animate({\n\t\t\tscrollTop: (jQuery('.vapqcdiv').offset().top - 20),\n\t\t}, {\n\t\t\tduration: 'normal',\n\t\t});\n\t}\n\n<\/script>\n\n<script>\n\n\tjQuery(function($) {\n\t\t\t});\n\t\n<\/script>\n\n<\/div>\n<\/div>\n","protected":false},"excerpt":{"rendered":"","protected":false},"author":1,"featured_media":0,"parent":2353,"menu_order":0,"comment_status":"closed","ping_status":"closed","template":"","meta":{"footnotes":""},"class_list":["post-2378","page","type-page","status-publish","hentry"],"acf":[],"_links":{"self":[{"href":"https:\/\/muteba.com\/de\/wp-json\/wp\/v2\/pages\/2378","targetHints":{"allow":["GET"]}}],"collection":[{"href":"https:\/\/muteba.com\/de\/wp-json\/wp\/v2\/pages"}],"about":[{"href":"https:\/\/muteba.com\/de\/wp-json\/wp\/v2\/types\/page"}],"author":[{"embeddable":true,"href":"https:\/\/muteba.com\/de\/wp-json\/wp\/v2\/users\/1"}],"replies":[{"embeddable":true,"href":"https:\/\/muteba.com\/de\/wp-json\/wp\/v2\/comments?post=2378"}],"version-history":[{"count":8,"href":"https:\/\/muteba.com\/de\/wp-json\/wp\/v2\/pages\/2378\/revisions"}],"predecessor-version":[{"id":3094,"href":"https:\/\/muteba.com\/de\/wp-json\/wp\/v2\/pages\/2378\/revisions\/3094"}],"up":[{"embeddable":true,"href":"https:\/\/muteba.com\/de\/wp-json\/wp\/v2\/pages\/2353"}],"wp:attachment":[{"href":"https:\/\/muteba.com\/de\/wp-json\/wp\/v2\/media?parent=2378"}],"curies":[{"name":"wp","href":"https:\/\/api.w.org\/{rel}","templated":true}]}}