{"id":891,"date":"2022-07-21T08:56:11","date_gmt":"2022-07-21T08:56:11","guid":{"rendered":"http:\/\/tafsiri.mzuuri.com\/sprachen\/"},"modified":"2022-08-31T09:40:23","modified_gmt":"2022-08-31T09:40:23","slug":"sprachen","status":"publish","type":"page","link":"https:\/\/muteba.com\/de\/sprachen\/","title":{"rendered":"Sprachen"},"content":{"rendered":"\t\t<div data-elementor-type=\"wp-page\" data-elementor-id=\"891\" class=\"elementor elementor-891 elementor-609\" data-elementor-post-type=\"page\">\n\t\t\t\t\t\t<section class=\"elementor-section elementor-top-section elementor-element elementor-element-baae74b elementor-section-boxed elementor-section-height-default elementor-section-height-default\" data-id=\"baae74b\" data-element_type=\"section\" data-settings=\"{&quot;background_background&quot;:&quot;classic&quot;}\">\n\t\t\t\t\t\t\t<div class=\"elementor-background-overlay\"><\/div>\n\t\t\t\t\t\t\t<div class=\"elementor-container elementor-column-gap-no\">\n\t\t\t\t\t<div class=\"elementor-column elementor-col-50 elementor-top-column elementor-element elementor-element-11ba303\" data-id=\"11ba303\" data-element_type=\"column\">\n\t\t\t<div class=\"elementor-widget-wrap elementor-element-populated\">\n\t\t\t\t\t\t<div class=\"elementor-element elementor-element-713e17b elementor-widget elementor-widget-heading\" data-id=\"713e17b\" data-element_type=\"widget\" data-widget_type=\"heading.default\">\n\t\t\t\t<div class=\"elementor-widget-container\">\n\t\t\t<style>\/*! elementor - v3.22.0 - 26-06-2024 *\/\n.elementor-heading-title{padding:0;margin:0;line-height:1}.elementor-widget-heading .elementor-heading-title[class*=elementor-size-]>a{color:inherit;font-size:inherit;line-height:inherit}.elementor-widget-heading .elementor-heading-title.elementor-size-small{font-size:15px}.elementor-widget-heading .elementor-heading-title.elementor-size-medium{font-size:19px}.elementor-widget-heading .elementor-heading-title.elementor-size-large{font-size:29px}.elementor-widget-heading .elementor-heading-title.elementor-size-xl{font-size:39px}.elementor-widget-heading .elementor-heading-title.elementor-size-xxl{font-size:59px}<\/style><h6 class=\"elementor-heading-title elementor-size-default\">\u00dcBERSETZUNGSDIENSTE<\/h6>\t\t<\/div>\n\t\t\t\t<\/div>\n\t\t\t\t<div class=\"elementor-element elementor-element-e3483d0 elementor-invisible elementor-widget elementor-widget-heading\" data-id=\"e3483d0\" data-element_type=\"widget\" data-settings=\"{&quot;_animation&quot;:&quot;zoomInUp&quot;}\" data-widget_type=\"heading.default\">\n\t\t\t\t<div class=\"elementor-widget-container\">\n\t\t\t<h1 class=\"elementor-heading-title elementor-size-default\">Sprachen<\/h1>\t\t<\/div>\n\t\t\t\t<\/div>\n\t\t\t\t\t<\/div>\n\t\t<\/div>\n\t\t\t\t<div class=\"elementor-column elementor-col-50 elementor-top-column elementor-element elementor-element-abe6a47\" data-id=\"abe6a47\" data-element_type=\"column\">\n\t\t\t<div class=\"elementor-widget-wrap elementor-element-populated\">\n\t\t\t\t\t\t<div class=\"elementor-element elementor-element-24aec6d elementor-icon-list--layout-inline elementor-align-right elementor-mobile-align-left elementor-list-item-link-full_width elementor-widget elementor-widget-icon-list\" data-id=\"24aec6d\" data-element_type=\"widget\" data-widget_type=\"icon-list.default\">\n\t\t\t\t<div class=\"elementor-widget-container\">\n\t\t\t<link rel=\"stylesheet\" href=\"https:\/\/muteba.com\/wp-content\/plugins\/elementor\/assets\/css\/widget-icon-list.min.css\">\t\t<ul class=\"elementor-icon-list-items elementor-inline-items\">\n\t\t\t\t\t\t\t<li class=\"elementor-icon-list-item elementor-inline-item\">\n\t\t\t\t\t\t\t\t\t\t\t<span class=\"elementor-icon-list-icon\">\n\t\t\t\t\t\t\t<svg aria-hidden=\"true\" class=\"e-font-icon-svg e-fas-home\" viewBox=\"0 0 576 512\" xmlns=\"http:\/\/www.w3.org\/2000\/svg\"><path d=\"M280.37 148.26L96 300.11V464a16 16 0 0 0 16 16l112.06-.29a16 16 0 0 0 15.92-16V368a16 16 0 0 1 16-16h64a16 16 0 0 1 16 16v95.64a16 16 0 0 0 16 16.05L464 480a16 16 0 0 0 16-16V300L295.67 148.26a12.19 12.19 0 0 0-15.3 0zM571.6 251.47L488 182.56V44.05a12 12 0 0 0-12-12h-56a12 12 0 0 0-12 12v72.61L318.47 43a48 48 0 0 0-61 0L4.34 251.47a12 12 0 0 0-1.6 16.9l25.5 31A12 12 0 0 0 45.15 301l235.22-193.74a12.19 12.19 0 0 1 15.3 0L530.9 301a12 12 0 0 0 16.9-1.6l25.5-31a12 12 0 0 0-1.7-16.93z\"><\/path><\/svg>\t\t\t\t\t\t<\/span>\n\t\t\t\t\t\t\t\t\t\t<span class=\"elementor-icon-list-text\">Startseite<\/span>\n\t\t\t\t\t\t\t\t\t<\/li>\n\t\t\t\t\t\t\t\t<li class=\"elementor-icon-list-item elementor-inline-item\">\n\t\t\t\t\t\t\t\t\t\t\t<span class=\"elementor-icon-list-icon\">\n\t\t\t\t\t\t\t<svg aria-hidden=\"true\" class=\"e-font-icon-svg e-fas-angle-right\" viewBox=\"0 0 256 512\" xmlns=\"http:\/\/www.w3.org\/2000\/svg\"><path d=\"M224.3 273l-136 136c-9.4 9.4-24.6 9.4-33.9 0l-22.6-22.6c-9.4-9.4-9.4-24.6 0-33.9l96.4-96.4-96.4-96.4c-9.4-9.4-9.4-24.6 0-33.9L54.3 103c9.4-9.4 24.6-9.4 33.9 0l136 136c9.5 9.4 9.5 24.6.1 34z\"><\/path><\/svg>\t\t\t\t\t\t<\/span>\n\t\t\t\t\t\t\t\t\t\t<span class=\"elementor-icon-list-text\">Sprachen<\/span>\n\t\t\t\t\t\t\t\t\t<\/li>\n\t\t\t\t\t\t<\/ul>\n\t\t\t\t<\/div>\n\t\t\t\t<\/div>\n\t\t\t\t\t<\/div>\n\t\t<\/div>\n\t\t\t\t\t<\/div>\n\t\t<\/section>\n\t\t\t\t<section class=\"elementor-section elementor-top-section elementor-element elementor-element-5c712e5 elementor-section-boxed elementor-section-height-default elementor-section-height-default\" data-id=\"5c712e5\" data-element_type=\"section\">\n\t\t\t\t\t\t<div class=\"elementor-container elementor-column-gap-no\">\n\t\t\t\t\t<div class=\"elementor-column elementor-col-33 elementor-top-column elementor-element elementor-element-fc1de4a\" data-id=\"fc1de4a\" data-element_type=\"column\">\n\t\t\t<div class=\"elementor-widget-wrap elementor-element-populated\">\n\t\t\t\t\t\t<div class=\"elementor-element elementor-element-7f74d1b elementor-invisible elementor-widget elementor-widget-image\" data-id=\"7f74d1b\" data-element_type=\"widget\" data-settings=\"{&quot;_animation&quot;:&quot;fadeInUp&quot;}\" data-widget_type=\"image.default\">\n\t\t\t\t<div class=\"elementor-widget-container\">\n\t\t\t<style>\/*! elementor - v3.22.0 - 26-06-2024 *\/\n.elementor-widget-image{text-align:center}.elementor-widget-image a{display:inline-block}.elementor-widget-image a img[src$=\".svg\"]{width:48px}.elementor-widget-image img{vertical-align:middle;display:inline-block}<\/style>\t\t\t\t\t\t\t\t\t\t<img decoding=\"async\" src=\"https:\/\/muteba.com\/wp-content\/uploads\/2022\/07\/professional-tr.jpg\" title=\"professional-tr.jpg\" alt=\"professional-tr.jpg\" loading=\"lazy\" \/>\t\t\t\t\t\t\t\t\t\t\t\t\t<\/div>\n\t\t\t\t<\/div>\n\t\t\t\t<div class=\"elementor-element elementor-element-5caef9b elementor-invisible elementor-widget elementor-widget-heading\" data-id=\"5caef9b\" data-element_type=\"widget\" data-settings=\"{&quot;_animation&quot;:&quot;fadeInLeft&quot;}\" data-widget_type=\"heading.default\">\n\t\t\t\t<div class=\"elementor-widget-container\">\n\t\t\t<h3 class=\"elementor-heading-title elementor-size-default\">Sprache und Ethnizit\u00e4t<\/h3>\t\t<\/div>\n\t\t\t\t<\/div>\n\t\t\t\t<div class=\"elementor-element elementor-element-7adac0f elementor-widget elementor-widget-text-editor\" data-id=\"7adac0f\" data-element_type=\"widget\" data-widget_type=\"text-editor.default\">\n\t\t\t\t<div class=\"elementor-widget-container\">\n\t\t\t<style>\/*! elementor - v3.22.0 - 26-06-2024 *\/\n.elementor-widget-text-editor.elementor-drop-cap-view-stacked .elementor-drop-cap{background-color:#69727d;color:#fff}.elementor-widget-text-editor.elementor-drop-cap-view-framed .elementor-drop-cap{color:#69727d;border:3px solid;background-color:transparent}.elementor-widget-text-editor:not(.elementor-drop-cap-view-default) .elementor-drop-cap{margin-top:8px}.elementor-widget-text-editor:not(.elementor-drop-cap-view-default) .elementor-drop-cap-letter{width:1em;height:1em}.elementor-widget-text-editor .elementor-drop-cap{float:left;text-align:center;line-height:1;font-size:50px}.elementor-widget-text-editor .elementor-drop-cap-letter{display:inline-block}<\/style>\t\t\t\t<p>Viele deutlich unterschiedliche ethnische Gruppen k\u00f6nnen die gleiche Muttersprache haben. Im Falle des Englischen zum Beispiel w\u00fcrden sich die meisten Nationalit\u00e4ten mit Englisch als Muttersprache nicht mit einer anderen Nationalit\u00e4t gleichsetzen, nur weil sie auch Englisch sprechen. <br><br>Die Sprache ist ein Hauptmerkmal und ein immer vorhandenes Merkmal der ethnischen Zugeh\u00f6rigkeit. Ohne Sprache h\u00e4tte man eine unvollst\u00e4ndige Beschreibung der ethnischen Zugeh\u00f6rigkeit. Die Sprache ist die wichtigste Komponente der ethnischen Zugeh\u00f6rigkeit. Die Sprache ist mit unserer Psyche verbunden, als Individuum und als Gesellschaft. Sprache ist ein Bestandteil des Denkens. Daher ist die Sprache ein wesentlicher Bestandteil der Weltanschauung. Unterschiede in der Weltanschauung gehen mit Unterschieden im Denken und in der Sprache einher.      <br><br>Unser Angebot an verschiedenen Sprachen in der ganzen Welt, wie unten aufgef\u00fchrt, kann Ihnen helfen, eine Vorstellung von den Sprachgruppen zu bekommen, die unsere Agentur anbietet:<\/p>\t\t\t\t\t\t<\/div>\n\t\t\t\t<\/div>\n\t\t\t\t\t<\/div>\n\t\t<\/div>\n\t\t\t\t<div class=\"elementor-column elementor-col-66 elementor-top-column elementor-element elementor-element-bd58f5e\" data-id=\"bd58f5e\" data-element_type=\"column\">\n\t\t\t<div class=\"elementor-widget-wrap elementor-element-populated\">\n\t\t\t\t\t\t<div class=\"elementor-element elementor-element-949d667 elementor-invisible elementor-widget elementor-widget-heading\" data-id=\"949d667\" data-element_type=\"widget\" data-settings=\"{&quot;_animation&quot;:&quot;fadeInRight&quot;}\" data-widget_type=\"heading.default\">\n\t\t\t\t<div class=\"elementor-widget-container\">\n\t\t\t<h3 class=\"elementor-heading-title elementor-size-default\">Sprache und Kultur: Sprachen und Ethnizit\u00e4t<\/h3>\t\t<\/div>\n\t\t\t\t<\/div>\n\t\t\t\t<div class=\"elementor-element elementor-element-3183088 elementor-widget elementor-widget-text-editor\" data-id=\"3183088\" data-element_type=\"widget\" data-widget_type=\"text-editor.default\">\n\t\t\t\t<div class=\"elementor-widget-container\">\n\t\t\t\t\t\t\t<p>Gelegentlich werde ich gefragt: \"Spricht in Kenia jeder Swahili, oder sprechen einige Leute noch Dialekte? Dabei scheint der Fragesteller die Vorstellung zu haben, dass Swahili eine Sprache ist, die anderen 85 Sprachen der etwa 125 Ethnien aber \"Dialekte\" sind. Dr. Orville Boyd Jenkins  <br><br>Es ist recht am\u00fcsant, wenn man gelegentlich auf popul\u00e4re Schriften st\u00f6\u00dft, in denen von Sprachen und Dialekten die Rede ist. Das w\u00e4re lustig, wenn es nicht so traurig w\u00e4re. Denn es scheint eine diskriminierende hierarchische Vorstellung von der menschlichen Sprache widerzuspiegeln: Wir ordnen die Sprachformen von der schlechtesten zur besten oder von der niedrigsten zur h\u00f6chsten, und die h\u00f6chsten Formen sind die \"Sprachen\".  <\/p>\t\t\t\t\t\t<\/div>\n\t\t\t\t<\/div>\n\t\t\t\t<div class=\"elementor-element elementor-element-8960fcd elementor-invisible elementor-widget elementor-widget-image\" data-id=\"8960fcd\" data-element_type=\"widget\" data-settings=\"{&quot;_animation&quot;:&quot;fadeInUp&quot;}\" data-widget_type=\"image.default\">\n\t\t\t\t<div class=\"elementor-widget-container\">\n\t\t\t\t\t\t\t\t\t\t\t\t\t<img decoding=\"async\" src=\"https:\/\/muteba.com\/wp-content\/uploads\/2022\/07\/certified-cont.jpg\" title=\"certified-cont.jpg\" alt=\"certified-cont.jpg\" loading=\"lazy\" \/>\t\t\t\t\t\t\t\t\t\t\t\t\t<\/div>\n\t\t\t\t<\/div>\n\t\t\t\t\t<\/div>\n\t\t<\/div>\n\t\t\t\t\t<\/div>\n\t\t<\/section>\n\t\t\t\t<section class=\"elementor-section elementor-top-section elementor-element elementor-element-43cf6ee languages-list elementor-section-boxed elementor-section-height-default elementor-section-height-default\" data-id=\"43cf6ee\" data-element_type=\"section\">\n\t\t\t\t\t\t<div class=\"elementor-container elementor-column-gap-default\">\n\t\t\t\t\t<div class=\"elementor-column elementor-col-25 elementor-top-column elementor-element elementor-element-1c7d5a4\" data-id=\"1c7d5a4\" data-element_type=\"column\">\n\t\t\t<div class=\"elementor-widget-wrap elementor-element-populated\">\n\t\t\t\t\t\t<div class=\"elementor-element elementor-element-f7a110e elementor-widget elementor-widget-heading\" data-id=\"f7a110e\" data-element_type=\"widget\" data-widget_type=\"heading.default\">\n\t\t\t\t<div class=\"elementor-widget-container\">\n\t\t\t<h3 class=\"elementor-heading-title elementor-size-default\">Afrika<\/h3>\t\t<\/div>\n\t\t\t\t<\/div>\n\t\t\t\t<section class=\"elementor-section elementor-inner-section elementor-element elementor-element-f178c94 elementor-section-boxed elementor-section-height-default elementor-section-height-default\" data-id=\"f178c94\" data-element_type=\"section\">\n\t\t\t\t\t\t<div class=\"elementor-container elementor-column-gap-default\">\n\t\t\t\t\t<div class=\"elementor-column elementor-col-50 elementor-inner-column elementor-element elementor-element-f9b7727\" data-id=\"f9b7727\" data-element_type=\"column\">\n\t\t\t<div class=\"elementor-widget-wrap elementor-element-populated\">\n\t\t\t\t\t\t<div class=\"elementor-element elementor-element-661b24f elementor-widget elementor-widget-text-editor\" data-id=\"661b24f\" data-element_type=\"widget\" data-widget_type=\"text-editor.default\">\n\t\t\t\t<div class=\"elementor-widget-container\">\n\t\t\t\t\t\t\t<ul><li>Amharisch<\/li><li>Ashanti \/ Assante<\/li><li>Bambara<\/li><li>Basar<\/li><li>Bissa<\/li><li>Diula \/ Jula \/ Joola<\/li><li>Djerma \/ Zerma<\/li><li>Duala<\/li><li>Mutterschaf<\/li><li>Fula \/ Pula<\/li><li>Hausa<\/li><li>Ibo \/ Igbo<\/li><\/ul>\t\t\t\t\t\t<\/div>\n\t\t\t\t<\/div>\n\t\t\t\t\t<\/div>\n\t\t<\/div>\n\t\t\t\t<div class=\"elementor-column elementor-col-50 elementor-inner-column elementor-element elementor-element-cf58058\" data-id=\"cf58058\" data-element_type=\"column\">\n\t\t\t<div class=\"elementor-widget-wrap elementor-element-populated\">\n\t\t\t\t\t\t<div class=\"elementor-element elementor-element-bcf9ae6 elementor-widget elementor-widget-text-editor\" data-id=\"bcf9ae6\" data-element_type=\"widget\" data-widget_type=\"text-editor.default\">\n\t\t\t\t<div class=\"elementor-widget-container\">\n\t\t\t\t\t\t\t<ul><li>Kibemba<\/li><li>Kikongo<\/li><li>Kinyerwanda \/ Kirundi<\/li><li>Kiswahili \/ Suaheli<\/li><li>Kotokoli<\/li><li>Krio<\/li><li>Lingala<\/li><li>Luganda<\/li><li>Malinke<\/li><li>Mandingo<\/li><li>Somali<\/li><li>Wolof<\/li><\/ul>\t\t\t\t\t\t<\/div>\n\t\t\t\t<\/div>\n\t\t\t\t\t<\/div>\n\t\t<\/div>\n\t\t\t\t\t<\/div>\n\t\t<\/section>\n\t\t\t\t\t<\/div>\n\t\t<\/div>\n\t\t\t\t<div class=\"elementor-column elementor-col-25 elementor-top-column elementor-element elementor-element-25014ef\" data-id=\"25014ef\" data-element_type=\"column\">\n\t\t\t<div class=\"elementor-widget-wrap elementor-element-populated\">\n\t\t\t\t\t\t<div class=\"elementor-element elementor-element-ef56a81 elementor-widget elementor-widget-heading\" data-id=\"ef56a81\" data-element_type=\"widget\" data-widget_type=\"heading.default\">\n\t\t\t\t<div class=\"elementor-widget-container\">\n\t\t\t<h3 class=\"elementor-heading-title elementor-size-default\">Westeuropa<\/h3>\t\t<\/div>\n\t\t\t\t<\/div>\n\t\t\t\t<div class=\"elementor-element elementor-element-2586a2b elementor-widget elementor-widget-text-editor\" data-id=\"2586a2b\" data-element_type=\"widget\" data-widget_type=\"text-editor.default\">\n\t\t\t\t<div class=\"elementor-widget-container\">\n\t\t\t\t\t\t\t<ul><li>D\u00e4nisch<\/li><li>Niederl\u00e4ndisch<\/li><li>Finnisch<\/li><li>Franz\u00f6sisch<\/li><li>Deutsch<\/li><li>Griechisch<\/li><li>Isl\u00e4ndisch<\/li><li>Italienisch<\/li><li>Norwegisch<\/li><li>Portugiesisch<\/li><li>Spanisch<\/li><li>Schwedisch<\/li><\/ul>\t\t\t\t\t\t<\/div>\n\t\t\t\t<\/div>\n\t\t\t\t\t<\/div>\n\t\t<\/div>\n\t\t\t\t<div class=\"elementor-column elementor-col-25 elementor-top-column elementor-element elementor-element-6e1e4aa\" data-id=\"6e1e4aa\" data-element_type=\"column\">\n\t\t\t<div class=\"elementor-widget-wrap elementor-element-populated\">\n\t\t\t\t\t\t<div class=\"elementor-element elementor-element-560e26a elementor-widget elementor-widget-heading\" data-id=\"560e26a\" data-element_type=\"widget\" data-widget_type=\"heading.default\">\n\t\t\t\t<div class=\"elementor-widget-container\">\n\t\t\t<h3 class=\"elementor-heading-title elementor-size-default\">Osteuropa<\/h3>\t\t<\/div>\n\t\t\t\t<\/div>\n\t\t\t\t<div class=\"elementor-element elementor-element-46e7de2 elementor-widget elementor-widget-text-editor\" data-id=\"46e7de2\" data-element_type=\"widget\" data-widget_type=\"text-editor.default\">\n\t\t\t\t<div class=\"elementor-widget-container\">\n\t\t\t\t\t\t\t<ul><li>Armenisch<\/li><li>Bulgarisch<\/li><li>Tschechisch<\/li><li>Estnisch<\/li><li>Ungarisch<\/li><li>Lettisch<\/li><li>Litauisch<\/li><li>Polnisch<\/li><li>Rum\u00e4nisch<\/li><li>Slowakisch<\/li><li>Slowenisch<\/li><li>Ukrainisch<\/li><\/ul>\t\t\t\t\t\t<\/div>\n\t\t\t\t<\/div>\n\t\t\t\t\t<\/div>\n\t\t<\/div>\n\t\t\t\t<div class=\"elementor-column elementor-col-25 elementor-top-column elementor-element elementor-element-60150c5\" data-id=\"60150c5\" data-element_type=\"column\">\n\t\t\t<div class=\"elementor-widget-wrap elementor-element-populated\">\n\t\t\t\t\t\t<div class=\"elementor-element elementor-element-043ba0d elementor-widget elementor-widget-heading\" data-id=\"043ba0d\" data-element_type=\"widget\" data-widget_type=\"heading.default\">\n\t\t\t\t<div class=\"elementor-widget-container\">\n\t\t\t<h3 class=\"elementor-heading-title elementor-size-default\">Asien \/ Naher Osten<\/h3>\t\t<\/div>\n\t\t\t\t<\/div>\n\t\t\t\t<div class=\"elementor-element elementor-element-135fa81 elementor-widget elementor-widget-text-editor\" data-id=\"135fa81\" data-element_type=\"widget\" data-widget_type=\"text-editor.default\">\n\t\t\t\t<div class=\"elementor-widget-container\">\n\t\t\t\t\t\t\t<ul><li>Afghanisch<\/li><li>Arabisch<\/li><li>Bengalisch<\/li><li>Chinesisch<\/li><li>Hebr\u00e4isch<\/li><li>Indonesisch<\/li><li>Kmehr<\/li><li>Kurdisch<\/li><li>Mongolei<\/li><li>Nepalesisch<\/li><li>Persisch<\/li><li>Tamilisch \/ Singhalesisch<\/li><\/ul>\t\t\t\t\t\t<\/div>\n\t\t\t\t<\/div>\n\t\t\t\t\t<\/div>\n\t\t<\/div>\n\t\t\t\t\t<\/div>\n\t\t<\/section>\n\t\t\t\t<\/div>\n\t\t","protected":false},"excerpt":{"rendered":"<p>\u00dcBERSETZUNGSDIENSTE Sprachen Startseite Sprachen Sprache und Ethnizit\u00e4t Viele deutlich unterschiedliche ethnische Gruppen k\u00f6nnen die gleiche Muttersprache haben. Im Falle des Englischen zum Beispiel w\u00fcrden sich die meisten Nationalit\u00e4ten mit Englisch als Muttersprache nicht mit einer anderen Nationalit\u00e4t gleichsetzen, nur weil sie auch Englisch sprechen. Die Sprache ist ein Hauptmerkmal und ein immer vorhandenes Merkmal der [&hellip;]<\/p>\n","protected":false},"author":1,"featured_media":0,"parent":0,"menu_order":0,"comment_status":"closed","ping_status":"closed","template":"elementor_header_footer","meta":{"footnotes":""},"class_list":["post-891","page","type-page","status-publish","hentry"],"acf":[],"_links":{"self":[{"href":"https:\/\/muteba.com\/de\/wp-json\/wp\/v2\/pages\/891","targetHints":{"allow":["GET"]}}],"collection":[{"href":"https:\/\/muteba.com\/de\/wp-json\/wp\/v2\/pages"}],"about":[{"href":"https:\/\/muteba.com\/de\/wp-json\/wp\/v2\/types\/page"}],"author":[{"embeddable":true,"href":"https:\/\/muteba.com\/de\/wp-json\/wp\/v2\/users\/1"}],"replies":[{"embeddable":true,"href":"https:\/\/muteba.com\/de\/wp-json\/wp\/v2\/comments?post=891"}],"version-history":[{"count":3,"href":"https:\/\/muteba.com\/de\/wp-json\/wp\/v2\/pages\/891\/revisions"}],"predecessor-version":[{"id":895,"href":"https:\/\/muteba.com\/de\/wp-json\/wp\/v2\/pages\/891\/revisions\/895"}],"wp:attachment":[{"href":"https:\/\/muteba.com\/de\/wp-json\/wp\/v2\/media?parent=891"}],"curies":[{"name":"wp","href":"https:\/\/api.w.org\/{rel}","templated":true}]}}