{"id":2146,"date":"2023-12-15T10:25:14","date_gmt":"2023-12-15T10:25:14","guid":{"rendered":"https:\/\/muteba.de\/notre-personnel\/"},"modified":"2024-01-08T11:42:04","modified_gmt":"2024-01-08T11:42:04","slug":"notre-personnel","status":"publish","type":"page","link":"https:\/\/muteba.com\/fr\/notre-personnel\/","title":{"rendered":"Notre personnel"},"content":{"rendered":"\n<div class=\"wrap plugin-container\">\n\n\t\n\t\n\t\n<!-- employees toolbar  -->\n\t\n\n<div class=\"vap-emplist-toolbar\">\n\t\n\t\n\t<div class=\"vap-emplist-toolbar-top\">\n\n\t\t\t\t\t<div class=\"vap-emplist-ordering\">\n\t\t\t\t<span>\n\t\t\t\t\t<button type=\"button\" class=\"vap-btn small blue\" onClick=\"vapDisplayFilters(this);\">\n\t\t\t\t\t\tOrdering Filter\t\t\t\t\t<\/button>\n\t\t\t\t<\/span>\n\t\t\t\t\n\t\t\t\t<div class=\"vap-emplist-ordering-fields\">\n\t\t\t\t\t<ul>\n\t\t\t\t\t\t\n\t\t\t\t\t\t\t<li class=\"selected\">\n\t\t\t\t\t\t\t\t\t\t\t\t\t\t\t\t\t<span>Alphabetically a..Z<\/span>\n\t\t\t\t\t\t\t\t\t\t\t\t\t\t\t\t<\/li>\n\t\t\t\t\t\t\t\n\t\t\t\t\t\t\t<li class=\"\">\n\t\t\t\t\t\t\t\t\t\t\t\t\t\t\t\t\t<a href=\"index.php?option=com_vikappointments&view=employeeslist&ordering=2\">Alphabetically Z..a<\/a>\n\t\t\t\t\t\t\t\t\t\t\t\t\t\t\t\t<\/li>\n\t\t\t\t\t\t\t\n\t\t\t\t\t\t\t<li class=\"\">\n\t\t\t\t\t\t\t\t\t\t\t\t\t\t\t\t\t<a href=\"index.php?option=com_vikappointments&view=employeeslist&ordering=3\">Newest Employees<\/a>\n\t\t\t\t\t\t\t\t\t\t\t\t\t\t\t\t<\/li>\n\t\t\t\t\t\t\t\n\t\t\t\t\t\t\t<li class=\"\">\n\t\t\t\t\t\t\t\t\t\t\t\t\t\t\t\t\t<a href=\"index.php?option=com_vikappointments&view=employeeslist&ordering=4\">Oldest Employees<\/a>\n\t\t\t\t\t\t\t\t\t\t\t\t\t\t\t\t<\/li>\n\t\t\t\t\t\t\t\n\t\t\t\t\t\t\t<li class=\"\">\n\t\t\t\t\t\t\t\t\t\t\t\t\t\t\t\t\t<a href=\"index.php?option=com_vikappointments&view=employeeslist&ordering=5\">Most Popular<\/a>\n\t\t\t\t\t\t\t\t\t\t\t\t\t\t\t\t<\/li>\n\t\t\t\t\t\t\t\n\t\t\t\t\t\t\t<li class=\"\">\n\t\t\t\t\t\t\t\t\t\t\t\t\t\t\t\t\t<a href=\"index.php?option=com_vikappointments&view=employeeslist&ordering=6\">Highest Rating<\/a>\n\t\t\t\t\t\t\t\t\t\t\t\t\t\t\t\t<\/li>\n\t\t\t\t\t\t\t\t\t\t\t\t<\/ul>\n\t\t\t\t<\/div>\n\n\t\t\t<\/div>\n\t\t\t\n\t<\/div>\n\n\t<\/div>\n\n\n<script>\n\t\n\tjQuery(function($) {\n\t\t$('.vap-empgroup-sel').select2({\n\t\t\tplaceholder: Joomla.JText._('VAPEMPALLGROUPSOPTION'),\n\t\t\tallowClear: true,\n\t\t\twidth: 300\n\t\t});\n\n\t\t$('.vap-empgroup-sel').on('change', () => {\n\t\t\t$('#vap-empgroup-form').submit();\n\t\t});\n\t});\n\n\tfunction vapDisplayFilters(button) {\n\t\tvar fields = jQuery('.vap-emplist-ordering-fields');\n\t\tif (!fields.is(':visible')) {\n\t\t\tfields.slideDown();\n\t\t\tjQuery(button).addClass('active');\n\t\t} else {\n\t\t\tfields.slideUp();\n\t\t\tjQuery(button).removeClass('active');\n\t\t}\n\t}\n\n<\/script>\n\t\n<!-- employees list -->\n\t\n<div class=\"vapempallblocks\">\n\n\t\n<div class=\"vapempblock light-theme-background\" id=\"vapempblock16\">\n\n\t<div class=\"vapempinfoblock\">\n\n\t\t\t\t\t<!-- display image -->\n\n\t\t\t<div class=\"vapempimgdiv\">\n\t\t\t\t\t\t\t\t\t<a href=\"https:\/\/muteba.com\/fr\/notre-personnel\/?option=com_vikappointments&amp;view=employeesearch&amp;id_employee=16\">\n\t\t\t\t\t\t<img decoding=\"async\" loading=\"lazy\" alt=\"Said Ahmed Q\" src=\"http:\/\/muteba.com\/wp-content\/uploads\/vikappointments\/media@small\/Interpreters_Sayid_Q_edit.png\" \/>\t\t\t\t\t<\/a>\n\t\t\t\t\t    \n\t\t\t<\/div>\n\t\t\t\n\t\t<div class=\"vap-empinfo\">\n\n\t\t\t<!-- block with name and reviews -->\n\n\t\t\t<div class=\"vap-empheader-div\">\n\n\t\t\t\t<div class=\"vapempnamediv\">\n\t\t\t\t\t<a href=\"https:\/\/muteba.com\/fr\/notre-personnel\/?option=com_vikappointments&amp;view=employeesearch&amp;id_employee=16\">\n\t\t\t\t\t\tSaid Ahmed Q\t\t\t\t\t<\/a>\n\t\t\t\t<\/div>\n\n\t\t\t\t\t\t\t\t\t<div class=\"vapempratingdiv\">\n\t\t\t\t\t\t\t\t\t\t\t<\/div>\n\n\t\t\t\t\t<div class=\"vap-empsubreview-div\">\n\t\t\t\t\t\tNo review\t\t\t\t\t<\/div>\n\t\t\t\t\t\n\t\t\t<\/div>\n\n\t\t<\/div>\n\t   \n\t\t<div class=\"vapempdescdiv\">\n\n\t\t\t<!-- employee description -->\n\n\t\t\t<p><strong>Langues<\/strong><br \/>\nGerman - Urdu - Punjabi<\/p>\n<p>Contexte : <strong><br \/>\nTexte \u00e0 traduire : <strong>Plus \u00e0 propos de <\/strong><\/strong><\/p>\n<p>L'<strong>ourdou<\/strong> et le <strong>pendjabi<\/strong> sont deux langues importantes parl\u00e9es principalement en Asie du Sud, en particulier au Pakistan et en Inde.<\/p>\n<p>Contexte : \t\t<\/div>\n\t\t\n\t\t\t\t\n\t<\/div>\n\t\n\t\n<\/div>\n\n<div class=\"vapempblock light-theme-background\" id=\"vapempblock11\">\n\n\t<div class=\"vapempinfoblock\">\n\n\t\t\t\t\t<!-- display image -->\n\n\t\t\t<div class=\"vapempimgdiv\">\n\t\t\t\t\t\t\t\t\t<a href=\"https:\/\/muteba.com\/fr\/notre-personnel\/?option=com_vikappointments&amp;view=employeesearch&amp;id_employee=11\">\n\t\t\t\t\t\t<img decoding=\"async\" loading=\"lazy\" alt=\"Lemma B\" src=\"http:\/\/muteba.com\/wp-content\/uploads\/vikappointments\/media@small\/ourstafff1.jpg\" \/>\t\t\t\t\t<\/a>\n\t\t\t\t\t    \n\t\t\t<\/div>\n\t\t\t\n\t\t<div class=\"vap-empinfo\">\n\n\t\t\t<!-- block with name and reviews -->\n\n\t\t\t<div class=\"vap-empheader-div\">\n\n\t\t\t\t<div class=\"vapempnamediv\">\n\t\t\t\t\t<a href=\"https:\/\/muteba.com\/fr\/notre-personnel\/?option=com_vikappointments&amp;view=employeesearch&amp;id_employee=11\">\n\t\t\t\t\t\tLemma B\t\t\t\t\t<\/a>\n\t\t\t\t<\/div>\n\n\t\t\t\t\t\t\t\t\t<div class=\"vapempratingdiv\">\n\t\t\t\t\t\t\t\t\t\t\t<\/div>\n\n\t\t\t\t\t<div class=\"vap-empsubreview-div\">\n\t\t\t\t\t\tNo review\t\t\t\t\t<\/div>\n\t\t\t\t\t\n\t\t\t<\/div>\n\n\t\t<\/div>\n\t   \n\t\t<div class=\"vapempdescdiv\">\n\n\t\t\t<!-- employee description -->\n\n\t\t\tL'amharique et l'oromo sont deux langues principales parl\u00e9es en \u00c9thiopie, chacune ayant des racines linguistiques uniques, une signification culturelle et un contexte historique propres. Voici une comparaison d\u00e9taill\u00e9e des deux :\nContexte : \nTexte \u00e0 traduire : 1. Amharique\u2022 Parl\u00e9 en : Principalement en \u00c9thiopie ; c'est la langue de travail officiel...\t\t<\/div>\n\t\t\n\t\t\t\t\t<!-- employee locations list -->\n\n\t\t\t<div class=\"vap-emp-avloc-block\">\n\t\t\t\t\n\t\t\t\t\n\t\t\t\t\t<div class=\"vap-emp-avlocation-item\">\n\t\t\t\t\t\t<span class=\"address\"><i class=\"fas fa-map-marker-alt\"><\/i> Hotel de Rome , a Rocco Forte Hotel Behrenstrabe 37 10117 Berlin, 10117 BE, DE<\/span>\n\t\t\t\t\t\t\n\t\t\t\t\t\t\t\t\t\t\t<\/div>\n\t\t\t\t\t\n\t\t\t<\/div>\n\n\t\t\t\t\t\n\t<\/div>\n\t\n\t\n<\/div>\n\n<div class=\"vapempblock light-theme-background\" id=\"vapempblock12\">\n\n\t<div class=\"vapempinfoblock\">\n\n\t\t\t\t\t<!-- display image -->\n\n\t\t\t<div class=\"vapempimgdiv\">\n\t\t\t\t\t\t\t\t\t<a href=\"https:\/\/muteba.com\/fr\/notre-personnel\/?option=com_vikappointments&amp;view=employeesearch&amp;id_employee=12\">\n\t\t\t\t\t\t<img decoding=\"async\" loading=\"lazy\" alt=\"Robert B\" src=\"http:\/\/muteba.com\/wp-content\/uploads\/vikappointments\/media@small\/robertb.png\" \/>\t\t\t\t\t<\/a>\n\t\t\t\t\t    \n\t\t\t<\/div>\n\t\t\t\n\t\t<div class=\"vap-empinfo\">\n\n\t\t\t<!-- block with name and reviews -->\n\n\t\t\t<div class=\"vap-empheader-div\">\n\n\t\t\t\t<div class=\"vapempnamediv\">\n\t\t\t\t\t<a href=\"https:\/\/muteba.com\/fr\/notre-personnel\/?option=com_vikappointments&amp;view=employeesearch&amp;id_employee=12\">\n\t\t\t\t\t\tRobert B\t\t\t\t\t<\/a>\n\t\t\t\t<\/div>\n\n\t\t\t\t\t\t\t\t\t<div class=\"vapempratingdiv\">\n\t\t\t\t\t\t\t\t\t\t\t<\/div>\n\n\t\t\t\t\t<div class=\"vap-empsubreview-div\">\n\t\t\t\t\t\tNo review\t\t\t\t\t<\/div>\n\t\t\t\t\t\n\t\t\t<\/div>\n\n\t\t<\/div>\n\t   \n\t\t<div class=\"vapempdescdiv\">\n\n\t\t\t<!-- employee description -->\n\n\t\t\t<p>Contexte : <strong><br \/>\nTexte \u00e0 traduire : Langues<br \/>\nAllemand - Fran\u00e7ais - Anglais - Espagnol - ItalienPlus sur l'allemand : Connu pour sa grammaire complexe et ses mots compos\u00e9s, l'allemand est la langue la plus parl\u00e9e de l'Union europ\u00e9enne.<\/p>\n<p>Contexte : \t\t<\/div>\n\t\t\n\t\t\t\t\n\t<\/div>\n\t\n\t\n<\/div>\n\n<div class=\"vapempblock light-theme-background\" id=\"vapempblock19\">\n\n\t<div class=\"vapempinfoblock\">\n\n\t\t\t\t\t<!-- display image -->\n\n\t\t\t<div class=\"vapempimgdiv\">\n\t\t\t\t\t\t\t\t\t<a href=\"https:\/\/muteba.com\/fr\/notre-personnel\/?option=com_vikappointments&amp;view=employeesearch&amp;id_employee=19\">\n\t\t\t\t\t\t<img decoding=\"async\" loading=\"lazy\" alt=\"Anamika D\" src=\"http:\/\/muteba.com\/wp-content\/uploads\/vikappointments\/media@small\/anamik.jpg\" \/>\t\t\t\t\t<\/a>\n\t\t\t\t\t    \n\t\t\t<\/div>\n\t\t\t\n\t\t<div class=\"vap-empinfo\">\n\n\t\t\t<!-- block with name and reviews -->\n\n\t\t\t<div class=\"vap-empheader-div\">\n\n\t\t\t\t<div class=\"vapempnamediv\">\n\t\t\t\t\t<a href=\"https:\/\/muteba.com\/fr\/notre-personnel\/?option=com_vikappointments&amp;view=employeesearch&amp;id_employee=19\">\n\t\t\t\t\t\tAnamika D\t\t\t\t\t<\/a>\n\t\t\t\t<\/div>\n\n\t\t\t\t\t\t\t\t\t<div class=\"vapempratingdiv\">\n\t\t\t\t\t\t\t\t\t\t\t<\/div>\n\n\t\t\t\t\t<div class=\"vap-empsubreview-div\">\n\t\t\t\t\t\tNo review\t\t\t\t\t<\/div>\n\t\t\t\t\t\n\t\t\t<\/div>\n\n\t\t<\/div>\n\t   \n\t\t<div class=\"vapempdescdiv\">\n\n\t\t\t<!-- employee description -->\n\n\t\t\t<p><strong>Langues<\/strong><br \/>\nAllemand - Bengali - Hindi<\/p>\n<p>Contexte : <strong><br \/>\nTexte \u00e0 traduire : <strong>Plus d'informations sur <\/strong><strong>BengaliL'hindi et l'ourdou sont deux des langues les plus parl\u00e9es en Asie du Sud, chacune avec sa propre histoire riche, sa culture et ses caract\u00e9ristiques linguistiques. Bien que les deux soient des <strong>langues indo-aryennes<\/strong> et partagent certaines similitudes,<\/strong><\/strong><\/p>\n<p>Contexte : \t\t<\/div>\n\t\t\n\t\t\t\t\n\t<\/div>\n\t\n\t\n<\/div>\n\n<div class=\"vapempblock light-theme-background\" id=\"vapempblock20\">\n\n\t<div class=\"vapempinfoblock\">\n\n\t\t\t\t\t<!-- display image -->\n\n\t\t\t<div class=\"vapempimgdiv\">\n\t\t\t\t\t\t\t\t\t<a href=\"https:\/\/muteba.com\/fr\/notre-personnel\/?option=com_vikappointments&amp;view=employeesearch&amp;id_employee=20\">\n\t\t\t\t\t\t<img decoding=\"async\" loading=\"lazy\" alt=\"Carine Marques Da Silva\" src=\"http:\/\/muteba.com\/wp-content\/uploads\/vikappointments\/media@small\/carnie.png\" \/>\t\t\t\t\t<\/a>\n\t\t\t\t\t    \n\t\t\t<\/div>\n\t\t\t\n\t\t<div class=\"vap-empinfo\">\n\n\t\t\t<!-- block with name and reviews -->\n\n\t\t\t<div class=\"vap-empheader-div\">\n\n\t\t\t\t<div class=\"vapempnamediv\">\n\t\t\t\t\t<a href=\"https:\/\/muteba.com\/fr\/notre-personnel\/?option=com_vikappointments&amp;view=employeesearch&amp;id_employee=20\">\n\t\t\t\t\t\tCarine Marques Da Silva\t\t\t\t\t<\/a>\n\t\t\t\t<\/div>\n\n\t\t\t\t\t\t\t\t\t<div class=\"vapempratingdiv\">\n\t\t\t\t\t\t\t\t\t\t\t<\/div>\n\n\t\t\t\t\t<div class=\"vap-empsubreview-div\">\n\t\t\t\t\t\tNo review\t\t\t\t\t<\/div>\n\t\t\t\t\t\n\t\t\t<\/div>\n\n\t\t<\/div>\n\t   \n\t\t<div class=\"vapempdescdiv\">\n\n\t\t\t<!-- employee description -->\n\n\t\t\t<p>Allemand - Fran\u00e7ais - Portugais<\/p>\n<p>En savoir plus sur le portugais Le portugais est en effet une langue mondiale importante qui a une port\u00e9e consid\u00e9rable :<\/p>\n<p>- C'est la langue officielle de neuf pays sur quatre continents, dont le Br\u00e9sil, le Portugal, l'Angola et le Mozambique.<\/p>\n\t\t<\/div>\n\t\t\n\t\t\t\t\n\t<\/div>\n\t\n\t\n<\/div>\n\n<div class=\"vapempblock light-theme-background\" id=\"vapempblock13\">\n\n\t<div class=\"vapempinfoblock\">\n\n\t\t\t\t\t<!-- display image -->\n\n\t\t\t<div class=\"vapempimgdiv\">\n\t\t\t\t\t\t\t\t\t<a href=\"https:\/\/muteba.com\/fr\/notre-personnel\/?option=com_vikappointments&amp;view=employeesearch&amp;id_employee=13\">\n\t\t\t\t\t\t<img decoding=\"async\" loading=\"lazy\" alt=\"Abraha J\" src=\"http:\/\/muteba.com\/wp-content\/uploads\/vikappointments\/media@small\/abraha.jpg\" \/>\t\t\t\t\t<\/a>\n\t\t\t\t\t    \n\t\t\t<\/div>\n\t\t\t\n\t\t<div class=\"vap-empinfo\">\n\n\t\t\t<!-- block with name and reviews -->\n\n\t\t\t<div class=\"vap-empheader-div\">\n\n\t\t\t\t<div class=\"vapempnamediv\">\n\t\t\t\t\t<a href=\"https:\/\/muteba.com\/fr\/notre-personnel\/?option=com_vikappointments&amp;view=employeesearch&amp;id_employee=13\">\n\t\t\t\t\t\tAbraha J\t\t\t\t\t<\/a>\n\t\t\t\t<\/div>\n\n\t\t\t\t\t\t\t\t\t<div class=\"vapempratingdiv\">\n\t\t\t\t\t\t\t\t\t\t\t<\/div>\n\n\t\t\t\t\t<div class=\"vap-empsubreview-div\">\n\t\t\t\t\t\tNo review\t\t\t\t\t<\/div>\n\t\t\t\t\t\n\t\t\t<\/div>\n\n\t\t<\/div>\n\t   \n\t\t<div class=\"vapempdescdiv\">\n\n\t\t\t<!-- employee description -->\n\n\t\t\t<p><strong>Langues<\/strong><br \/>\nAllemand - Tigrinya - AmhariqueSp\u00e9cifications<br \/>\nTigrinya - Amharique<\/p>\n<p>Contexte : <strong><br \/>\nTexte \u00e0 traduire : <strong>Plus d'informations sur <\/strong><strong>Tigrinya<\/strong> et <strong>L'amharique<\/strong> sont toutes deux des langues s\u00e9mitiques parl\u00e9es principalement dans la Corne de l'Afrique.<\/strong><\/p>\n<p>Contexte : \t\t<\/div>\n\t\t\n\t\t\t\t\n\t<\/div>\n\t\n\t\n<\/div>\n\n<div class=\"vapempblock light-theme-background\" id=\"vapempblock15\">\n\n\t<div class=\"vapempinfoblock\">\n\n\t\t\t\t\t<!-- display image -->\n\n\t\t\t<div class=\"vapempimgdiv\">\n\t\t\t\t\t\t\t\t\t<a href=\"https:\/\/muteba.com\/fr\/notre-personnel\/?option=com_vikappointments&amp;view=employeesearch&amp;id_employee=15\">\n\t\t\t\t\t\t<img decoding=\"async\" loading=\"lazy\" alt=\"Ahmed J\" src=\"http:\/\/muteba.com\/wp-content\/uploads\/vikappointments\/media@small\/Ahmad_Jama.png\" \/>\t\t\t\t\t<\/a>\n\t\t\t\t\t    \n\t\t\t<\/div>\n\t\t\t\n\t\t<div class=\"vap-empinfo\">\n\n\t\t\t<!-- block with name and reviews -->\n\n\t\t\t<div class=\"vap-empheader-div\">\n\n\t\t\t\t<div class=\"vapempnamediv\">\n\t\t\t\t\t<a href=\"https:\/\/muteba.com\/fr\/notre-personnel\/?option=com_vikappointments&amp;view=employeesearch&amp;id_employee=15\">\n\t\t\t\t\t\tAhmed J\t\t\t\t\t<\/a>\n\t\t\t\t<\/div>\n\n\t\t\t\t\t\t\t\t\t<div class=\"vapempratingdiv\">\n\t\t\t\t\t\t\t\t\t\t\t<\/div>\n\n\t\t\t\t\t<div class=\"vap-empsubreview-div\">\n\t\t\t\t\t\tNo review\t\t\t\t\t<\/div>\n\t\t\t\t\t\n\t\t\t<\/div>\n\n\t\t<\/div>\n\t   \n\t\t<div class=\"vapempdescdiv\">\n\n\t\t\t<!-- employee description -->\n\n\t\t\t<p>Contexte : <strong><br \/>\nTexte \u00e0 traduire : <strong>Langues<br \/>\nAllemand - Somali - ArabeSp\u00e9cifications<br \/>\nSomali - ArabicPlus d'informations sur<br \/>\nVoici un r\u00e9sum\u00e9 des langues somali et arabe.<\/strong><\/strong><\/p>\n<p>Contexte : \t\t<\/div>\n\t\t\n\t\t\t\t\n\t<\/div>\n\t\n\t\n<\/div>\n\n<div class=\"vapempblock light-theme-background\" id=\"vapempblock18\">\n\n\t<div class=\"vapempinfoblock\">\n\n\t\t\t\t\t<!-- display image -->\n\n\t\t\t<div class=\"vapempimgdiv\">\n\t\t\t\t\t\t\t\t\t<a href=\"https:\/\/muteba.com\/fr\/notre-personnel\/?option=com_vikappointments&amp;view=employeesearch&amp;id_employee=18\">\n\t\t\t\t\t\t<img decoding=\"async\" loading=\"lazy\" alt=\"Mariama K\" src=\"http:\/\/muteba.com\/wp-content\/uploads\/vikappointments\/media@small\/mariam.png\" \/>\t\t\t\t\t<\/a>\n\t\t\t\t\t    \n\t\t\t<\/div>\n\t\t\t\n\t\t<div class=\"vap-empinfo\">\n\n\t\t\t<!-- block with name and reviews -->\n\n\t\t\t<div class=\"vap-empheader-div\">\n\n\t\t\t\t<div class=\"vapempnamediv\">\n\t\t\t\t\t<a href=\"https:\/\/muteba.com\/fr\/notre-personnel\/?option=com_vikappointments&amp;view=employeesearch&amp;id_employee=18\">\n\t\t\t\t\t\tMariama K\t\t\t\t\t<\/a>\n\t\t\t\t<\/div>\n\n\t\t\t\t\t\t\t\t\t<div class=\"vapempratingdiv\">\n\t\t\t\t\t\t\t\t\t\t\t<\/div>\n\n\t\t\t\t\t<div class=\"vap-empsubreview-div\">\n\t\t\t\t\t\tNo review\t\t\t\t\t<\/div>\n\t\t\t\t\t\n\t\t\t<\/div>\n\n\t\t<\/div>\n\t   \n\t\t<div class=\"vapempdescdiv\">\n\n\t\t\t<!-- employee description -->\n\n\t\t\t<p><strong>Langues<\/strong><br \/>\nAllemand - Fran\u00e7ais - Bambara<\/p>\n<p>Contexte : <strong><br \/>\nTexte \u00e0 traduire : <strong>Plus d'informations Le bambara, \u00e9galement connu sous le nom de bamana ou bamanakan, est une langue parl\u00e9e principalement au Mali, en Afrique de l'Ouest. C'est une langue de la famille mand\u00e9 et elle sert de lingua franca au Mali.<\/p>\n<p>Contexte :   \t\t<\/div>\n\t\t\n\t\t\t\t\n\t<\/div>\n\t\n\t\n<\/div>\n\n<div class=\"vapempblock light-theme-background\" id=\"vapempblock17\">\n\n\t<div class=\"vapempinfoblock\">\n\n\t\t\t\t\t<!-- display image -->\n\n\t\t\t<div class=\"vapempimgdiv\">\n\t\t\t\t\t\t\t\t\t<a href=\"https:\/\/muteba.com\/fr\/notre-personnel\/?option=com_vikappointments&amp;view=employeesearch&amp;id_employee=17\">\n\t\t\t\t\t\t<img decoding=\"async\" loading=\"lazy\" alt=\"Tshibanda M\" src=\"http:\/\/muteba.com\/wp-content\/uploads\/vikappointments\/media@small\/tshiban.jpg\" \/>\t\t\t\t\t<\/a>\n\t\t\t\t\t    \n\t\t\t<\/div>\n\t\t\t\n\t\t<div class=\"vap-empinfo\">\n\n\t\t\t<!-- block with name and reviews -->\n\n\t\t\t<div class=\"vap-empheader-div\">\n\n\t\t\t\t<div class=\"vapempnamediv\">\n\t\t\t\t\t<a href=\"https:\/\/muteba.com\/fr\/notre-personnel\/?option=com_vikappointments&amp;view=employeesearch&amp;id_employee=17\">\n\t\t\t\t\t\tTshibanda M\t\t\t\t\t<\/a>\n\t\t\t\t<\/div>\n\n\t\t\t\t\t\t\t\t\t<div class=\"vapempratingdiv\">\n\t\t\t\t\t\t\t\t\t\t\t<\/div>\n\n\t\t\t\t\t<div class=\"vap-empsubreview-div\">\n\t\t\t\t\t\tNo review\t\t\t\t\t<\/div>\n\t\t\t\t\t\n\t\t\t<\/div>\n\n\t\t<\/div>\n\t   \n\t\t<div class=\"vapempdescdiv\">\n\n\t\t\t<!-- employee description -->\n\n\t\t\t<p><strong>Langues<\/strong><br \/>\nAllemand - Fran\u00e7ais - Anglais - Lingala - Swahili - Tshiluba<\/p>\n<p>Contexte : <strong><br \/>\nTexte \u00e0 traduire : <strong>Plus d'informations sur <\/strong><strong>Lingala:<\/strong><br \/>\nLe lingala est une langue bantoue parl\u00e9e principalement dans la partie nord-ouest de la R\u00e9publique D\u00e9mocratique du Congo (RDC) et une grande partie de la R\u00e9publique du Congo.<\/strong><\/p>\n<p>Contexte : \t\t<\/div>\n\t\t\n\t\t\t\t\n\t<\/div>\n\t\n\t\n<\/div>\n\n<div class=\"vapempblock light-theme-background\" id=\"vapempblock14\">\n\n\t<div class=\"vapempinfoblock\">\n\n\t\t\t\t\t<!-- display image -->\n\n\t\t\t<div class=\"vapempimgdiv\">\n\t\t\t\t\t\t\t\t\t<a href=\"https:\/\/muteba.com\/fr\/notre-personnel\/?option=com_vikappointments&amp;view=employeesearch&amp;id_employee=14\">\n\t\t\t\t\t\t<img decoding=\"async\" loading=\"lazy\" alt=\"Koku Mawutso L\" src=\"http:\/\/muteba.com\/wp-content\/uploads\/vikappointments\/media@small\/Interpreters_Lovi.png\" \/>\t\t\t\t\t<\/a>\n\t\t\t\t\t    \n\t\t\t<\/div>\n\t\t\t\n\t\t<div class=\"vap-empinfo\">\n\n\t\t\t<!-- block with name and reviews -->\n\n\t\t\t<div class=\"vap-empheader-div\">\n\n\t\t\t\t<div class=\"vapempnamediv\">\n\t\t\t\t\t<a href=\"https:\/\/muteba.com\/fr\/notre-personnel\/?option=com_vikappointments&amp;view=employeesearch&amp;id_employee=14\">\n\t\t\t\t\t\tKoku Mawutso L\t\t\t\t\t<\/a>\n\t\t\t\t<\/div>\n\n\t\t\t\t\t\t\t\t\t<div class=\"vapempratingdiv\">\n\t\t\t\t\t\t\t\t\t\t\t<\/div>\n\n\t\t\t\t\t<div class=\"vap-empsubreview-div\">\n\t\t\t\t\t\tNo review\t\t\t\t\t<\/div>\n\t\t\t\t\t\n\t\t\t<\/div>\n\n\t\t<\/div>\n\t   \n\t\t<div class=\"vapempdescdiv\">\n\n\t\t\t<!-- employee description -->\n\n\t\t\t<p><strong>Langues<\/strong><br \/>\nAllemand - Fran\u00e7ais - Kotokoli<\/p>\n<p>Contexte : <strong><br \/>\nTexte \u00e0 traduire : <strong>En savoir plus<\/strong><\/strong><\/p>\n<p>\u25e6 Le Kotokoli, \u00e9galement connu sous le nom de Tem, est une langue parl\u00e9e principalement au Togo,<\/p>\n<p>Contexte : \t\t<\/div>\n\t\t\n\t\t\t\t\n\t<\/div>\n\t\n\t\n<\/div>\n\n<\/div>\n\n<form action=\"https:\/\/muteba.com\/fr\/notre-personnel\/?option=com_vikappointments&amp;view=employeeslist\" method=\"post\">\n\t<input type=\"hidden\" id=\"vikwp_nonce\" name=\"vikwp_nonce\" value=\"c361329f79\" \/><input type=\"hidden\" name=\"_wp_http_referer\" value=\"\/fr\/wp-json\/wp\/v2\/pages\/2146\" \/>\t<div class=\"vap-list-pagination\"><\/div>\n\t<input type=\"hidden\" name=\"option\" value=\"com_vikappointments\" \/>\n\t<input type=\"hidden\" name=\"view\" value=\"employeeslist\" \/>\n<\/form>\n\n<!-- employees contact form -->\n\n\n<form action=\"https:\/\/muteba.com\/fr\/notre-personnel\/?option=com_vikappointments&amp;task=employeesearch.quickcontact\" method=\"post\" name=\"quickcontactform\">\n\t\n\t<div class=\"vapqcdiv light-theme-background\" style=\"display: none;\">\n\t\t\n\t\t<h2 class=\"vapqcnominative\"><\/h2>\n\t\t\n\t\t<div class=\"vapqcsendname\">\n\t\t\t<label for=\"qc-send-name\">Your Name<\/label>\n\t\t\t<input id=\"qc-send-name\" type=\"text\" name=\"sendername\" value=\"\" class=\"required\" size=\"32\" \/>\n\t\t<\/div>\n\t\t\n\t\t<div class=\"vapqcsendmail\">\n\t\t\t<span class=\"vapqcmailsp\">\n\t\t\t\t<label for=\"qc-send-mail\">Your e-mail<\/label>\n\t\t\t\t<input id=\"qc-send-mail\" type=\"email\" name=\"sendermail\" value=\"\" class=\"required\" size=\"32\" \/>\n\t\t\t<\/span>\n\t\t<\/div>\n\t\t\n\t\t<div class=\"vapqcmailcont\">\n\t\t\t<label for=\"qc-send-text\" style=\"vertical-align: top;\">Your questions<\/label>\n\t\t\t<textarea name=\"mail_content\" id=\"qc-send-text\" class=\"required\"><\/textarea>\n\t\t<\/div>\n\n\t\t\t\t\n\t\t<span class=\"vapqcbuttonsp\">\n\t\t\t<button type=\"submit\" class=\"vap-btn blue\" onClick=\"return vapValidateBeforeSendMail();\">\n\t\t\t\tSend\t\t\t<\/button>\n\n\t\t\t<button type=\"button\" class=\"vap-btn\" onClick=\"vapCancelMail();\">\n\t\t\t\tCancel\t\t\t<\/button> \n\t\t<\/span>\n\n\t\t\t\t\t<p class=\"gdpr-footer-disclaimer\">\n\t\t\t\t<i class=\"fas fa-info-circle\"><span>The specified data won't be stored within our system.<\/span><\/i>\n\t\t\t<\/p>\n\t\t\t\t\t\n\t<\/div>\n\t\n\t<input type=\"hidden\" id=\"vikwp_nonce\" name=\"vikwp_nonce\" value=\"c361329f79\" \/><input type=\"hidden\" name=\"_wp_http_referer\" value=\"\/fr\/wp-json\/wp\/v2\/pages\/2146\" \/>\t<input type=\"hidden\" name=\"id_employee\" value=\"0\" \/>\n\t<input type=\"hidden\" name=\"option\" value=\"com_vikappointments\" \/>\n\t<input type=\"hidden\" name=\"task\" value=\"employeesearch.quickcontact\" \/> \n\t<input type=\"hidden\" name=\"return\" value=\"aW5kZXgucGhwP29wdGlvbj1jb21fdmlrYXBwb2ludG1lbnRzJnZpZXc9ZW1wbG95ZWVzbGlzdA==\" \/>\n<\/form>\n\n<script>\n\n\tvar qcValidator;\n\tvar cancelElement = null;\n\n\tjQuery(function($) {\n\t\t\/\/ instantiate validator on ready\n\t\tqcValidator = new VikFormValidator('form[name=\"quickcontactform\"]', 'vaprequiredfield');\n\n\t\t\t});\n\n\tfunction vapValidateBeforeSendMail() {\n\t\treturn qcValidator.validate();\n\t}\n\t\n\tfunction vapCancelMail() {\n\t\tjQuery('.vapqcdiv').fadeOut();\n\n\t\tif (cancelElement) {\n\t\t\tjQuery('html,body').animate({\n\t\t\t\tscrollTop: (jQuery(cancelElement).offset().top - 20),\n\t\t\t}, {\n\t\t\t\tduration: 'normal',\n\t\t\t});\n\t\t}\n\t}\n\n\t\/\/ used when clicking \"QUICK CONTACT\" from the list\n\tfunction vapGoToMail(elem, id, name) {\n\t\tcancelElement = elem;\n\n\t\tif (id) { \n\t\t\tjQuery('input[name=\"id_employee\"]').val(id);\n\t\t}\n\n\t\tif (name) {\n\t\t\tjQuery('.vapqcnominative').text(name);\n\t\t}\n\n\t\tjQuery('.vapqcdiv').fadeIn();\n\t\tjQuery('html,body').animate({\n\t\t\tscrollTop: (jQuery('.vapqcdiv').offset().top - 20),\n\t\t}, {\n\t\t\tduration: 'normal',\n\t\t});\n\t}\n\n<\/script>\n\n<script>\n\n\tjQuery(function($) {\n\t\t\t});\n\t\n<\/script>\n\n<\/div>\n\n","protected":false},"excerpt":{"rendered":"","protected":false},"author":2,"featured_media":0,"parent":0,"menu_order":0,"comment_status":"closed","ping_status":"closed","template":"","meta":{"footnotes":""},"class_list":["post-2146","page","type-page","status-publish","hentry"],"acf":[],"_links":{"self":[{"href":"https:\/\/muteba.com\/fr\/wp-json\/wp\/v2\/pages\/2146","targetHints":{"allow":["GET"]}}],"collection":[{"href":"https:\/\/muteba.com\/fr\/wp-json\/wp\/v2\/pages"}],"about":[{"href":"https:\/\/muteba.com\/fr\/wp-json\/wp\/v2\/types\/page"}],"author":[{"embeddable":true,"href":"https:\/\/muteba.com\/fr\/wp-json\/wp\/v2\/users\/2"}],"replies":[{"embeddable":true,"href":"https:\/\/muteba.com\/fr\/wp-json\/wp\/v2\/comments?post=2146"}],"version-history":[{"count":1,"href":"https:\/\/muteba.com\/fr\/wp-json\/wp\/v2\/pages\/2146\/revisions"}],"predecessor-version":[{"id":2147,"href":"https:\/\/muteba.com\/fr\/wp-json\/wp\/v2\/pages\/2146\/revisions\/2147"}],"wp:attachment":[{"href":"https:\/\/muteba.com\/fr\/wp-json\/wp\/v2\/media?parent=2146"}],"curies":[{"name":"wp","href":"https:\/\/api.w.org\/{rel}","templated":true}]}}