{"id":1042,"date":"2022-07-21T08:56:11","date_gmt":"2022-07-21T08:56:11","guid":{"rendered":"http:\/\/tafsiri.mzuuri.com\/min%c9%94k%c9%94\/"},"modified":"2024-02-15T12:20:42","modified_gmt":"2024-02-15T12:20:42","slug":"languages","status":"publish","type":"page","link":"https:\/\/muteba.com\/lin\/languages\/","title":{"rendered":"Languages"},"content":{"rendered":"\t\t<div data-elementor-type=\"wp-page\" data-elementor-id=\"1042\" class=\"elementor elementor-1042 elementor-609\" data-elementor-post-type=\"page\">\n\t\t\t\t\t\t<section class=\"elementor-section elementor-top-section elementor-element elementor-element-baae74b elementor-section-boxed elementor-section-height-default elementor-section-height-default\" data-id=\"baae74b\" data-element_type=\"section\" data-settings=\"{&quot;background_background&quot;:&quot;classic&quot;}\">\n\t\t\t\t\t\t\t<div class=\"elementor-background-overlay\"><\/div>\n\t\t\t\t\t\t\t<div class=\"elementor-container elementor-column-gap-no\">\n\t\t\t\t\t<div class=\"elementor-column elementor-col-50 elementor-top-column elementor-element elementor-element-11ba303\" data-id=\"11ba303\" data-element_type=\"column\">\n\t\t\t<div class=\"elementor-widget-wrap elementor-element-populated\">\n\t\t\t\t\t\t<div class=\"elementor-element elementor-element-713e17b elementor-widget elementor-widget-heading\" data-id=\"713e17b\" data-element_type=\"widget\" data-widget_type=\"heading.default\">\n\t\t\t\t<div class=\"elementor-widget-container\">\n\t\t\t<style>\/*! elementor - v3.22.0 - 26-06-2024 *\/\n.elementor-heading-title{padding:0;margin:0;line-height:1}.elementor-widget-heading .elementor-heading-title[class*=elementor-size-]>a{color:inherit;font-size:inherit;line-height:inherit}.elementor-widget-heading .elementor-heading-title.elementor-size-small{font-size:15px}.elementor-widget-heading .elementor-heading-title.elementor-size-medium{font-size:19px}.elementor-widget-heading .elementor-heading-title.elementor-size-large{font-size:29px}.elementor-widget-heading .elementor-heading-title.elementor-size-xl{font-size:39px}.elementor-widget-heading .elementor-heading-title.elementor-size-xxl{font-size:59px}<\/style><h6 class=\"elementor-heading-title elementor-size-default\">MISALA YA KOBONGOLA<\/h6>\t\t<\/div>\n\t\t\t\t<\/div>\n\t\t\t\t<div class=\"elementor-element elementor-element-e3483d0 elementor-invisible elementor-widget elementor-widget-heading\" data-id=\"e3483d0\" data-element_type=\"widget\" data-settings=\"{&quot;_animation&quot;:&quot;zoomInUp&quot;}\" data-widget_type=\"heading.default\">\n\t\t\t\t<div class=\"elementor-widget-container\">\n\t\t\t<h1 class=\"elementor-heading-title elementor-size-default\"> Min\u0254k\u0254<\/h1>\t\t<\/div>\n\t\t\t\t<\/div>\n\t\t\t\t\t<\/div>\n\t\t<\/div>\n\t\t\t\t<div class=\"elementor-column elementor-col-50 elementor-top-column elementor-element elementor-element-abe6a47\" data-id=\"abe6a47\" data-element_type=\"column\">\n\t\t\t<div class=\"elementor-widget-wrap elementor-element-populated\">\n\t\t\t\t\t\t<div class=\"elementor-element elementor-element-24aec6d elementor-icon-list--layout-inline elementor-align-right elementor-mobile-align-left elementor-list-item-link-full_width elementor-widget elementor-widget-icon-list\" data-id=\"24aec6d\" data-element_type=\"widget\" data-widget_type=\"icon-list.default\">\n\t\t\t\t<div class=\"elementor-widget-container\">\n\t\t\t<link rel=\"stylesheet\" href=\"https:\/\/muteba.com\/wp-content\/plugins\/elementor\/assets\/css\/widget-icon-list.min.css\">\t\t<ul class=\"elementor-icon-list-items elementor-inline-items\">\n\t\t\t\t\t\t\t<li class=\"elementor-icon-list-item elementor-inline-item\">\n\t\t\t\t\t\t\t\t\t\t\t<span class=\"elementor-icon-list-icon\">\n\t\t\t\t\t\t\t<svg aria-hidden=\"true\" class=\"e-font-icon-svg e-fas-home\" viewBox=\"0 0 576 512\" xmlns=\"http:\/\/www.w3.org\/2000\/svg\"><path d=\"M280.37 148.26L96 300.11V464a16 16 0 0 0 16 16l112.06-.29a16 16 0 0 0 15.92-16V368a16 16 0 0 1 16-16h64a16 16 0 0 1 16 16v95.64a16 16 0 0 0 16 16.05L464 480a16 16 0 0 0 16-16V300L295.67 148.26a12.19 12.19 0 0 0-15.3 0zM571.6 251.47L488 182.56V44.05a12 12 0 0 0-12-12h-56a12 12 0 0 0-12 12v72.61L318.47 43a48 48 0 0 0-61 0L4.34 251.47a12 12 0 0 0-1.6 16.9l25.5 31A12 12 0 0 0 45.15 301l235.22-193.74a12.19 12.19 0 0 1 15.3 0L530.9 301a12 12 0 0 0 16.9-1.6l25.5-31a12 12 0 0 0-1.7-16.93z\"><\/path><\/svg>\t\t\t\t\t\t<\/span>\n\t\t\t\t\t\t\t\t\t\t<span class=\"elementor-icon-list-text\">Home<\/span>\n\t\t\t\t\t\t\t\t\t<\/li>\n\t\t\t\t\t\t\t\t<li class=\"elementor-icon-list-item elementor-inline-item\">\n\t\t\t\t\t\t\t\t\t\t\t<span class=\"elementor-icon-list-icon\">\n\t\t\t\t\t\t\t<svg aria-hidden=\"true\" class=\"e-font-icon-svg e-fas-angle-right\" viewBox=\"0 0 256 512\" xmlns=\"http:\/\/www.w3.org\/2000\/svg\"><path d=\"M224.3 273l-136 136c-9.4 9.4-24.6 9.4-33.9 0l-22.6-22.6c-9.4-9.4-9.4-24.6 0-33.9l96.4-96.4-96.4-96.4c-9.4-9.4-9.4-24.6 0-33.9L54.3 103c9.4-9.4 24.6-9.4 33.9 0l136 136c9.5 9.4 9.5 24.6.1 34z\"><\/path><\/svg>\t\t\t\t\t\t<\/span>\n\t\t\t\t\t\t\t\t\t\t<span class=\"elementor-icon-list-text\">Languages<\/span>\n\t\t\t\t\t\t\t\t\t<\/li>\n\t\t\t\t\t\t<\/ul>\n\t\t\t\t<\/div>\n\t\t\t\t<\/div>\n\t\t\t\t\t<\/div>\n\t\t<\/div>\n\t\t\t\t\t<\/div>\n\t\t<\/section>\n\t\t\t\t<section class=\"elementor-section elementor-top-section elementor-element elementor-element-5c712e5 elementor-section-boxed elementor-section-height-default elementor-section-height-default\" data-id=\"5c712e5\" data-element_type=\"section\">\n\t\t\t\t\t\t<div class=\"elementor-container elementor-column-gap-no\">\n\t\t\t\t\t<div class=\"elementor-column elementor-col-33 elementor-top-column elementor-element elementor-element-fc1de4a\" data-id=\"fc1de4a\" data-element_type=\"column\">\n\t\t\t<div class=\"elementor-widget-wrap elementor-element-populated\">\n\t\t\t\t\t\t<div class=\"elementor-element elementor-element-7f74d1b elementor-invisible elementor-widget elementor-widget-image\" data-id=\"7f74d1b\" data-element_type=\"widget\" data-settings=\"{&quot;_animation&quot;:&quot;fadeInUp&quot;}\" data-widget_type=\"image.default\">\n\t\t\t\t<div class=\"elementor-widget-container\">\n\t\t\t<style>\/*! elementor - v3.22.0 - 26-06-2024 *\/\n.elementor-widget-image{text-align:center}.elementor-widget-image a{display:inline-block}.elementor-widget-image a img[src$=\".svg\"]{width:48px}.elementor-widget-image img{vertical-align:middle;display:inline-block}<\/style>\t\t\t\t\t\t\t\t\t\t<img decoding=\"async\" src=\"https:\/\/muteba.com\/wp-content\/uploads\/2022\/07\/professional-tr.jpg\" title=\"professional-tr.jpg\" alt=\"professional-tr.jpg\" loading=\"lazy\" \/>\t\t\t\t\t\t\t\t\t\t\t\t\t<\/div>\n\t\t\t\t<\/div>\n\t\t\t\t<div class=\"elementor-element elementor-element-5caef9b elementor-invisible elementor-widget elementor-widget-heading\" data-id=\"5caef9b\" data-element_type=\"widget\" data-settings=\"{&quot;_animation&quot;:&quot;fadeInLeft&quot;}\" data-widget_type=\"heading.default\">\n\t\t\t\t<div class=\"elementor-widget-container\">\n\t\t\t<h3 class=\"elementor-heading-title elementor-size-default\">Monoko mpe Ekolo<\/h3>\t\t<\/div>\n\t\t\t\t<\/div>\n\t\t\t\t<div class=\"elementor-element elementor-element-7adac0f elementor-widget elementor-widget-text-editor\" data-id=\"7adac0f\" data-element_type=\"widget\" data-widget_type=\"text-editor.default\">\n\t\t\t\t<div class=\"elementor-widget-container\">\n\t\t\t<style>\/*! elementor - v3.22.0 - 26-06-2024 *\/\n.elementor-widget-text-editor.elementor-drop-cap-view-stacked .elementor-drop-cap{background-color:#69727d;color:#fff}.elementor-widget-text-editor.elementor-drop-cap-view-framed .elementor-drop-cap{color:#69727d;border:3px solid;background-color:transparent}.elementor-widget-text-editor:not(.elementor-drop-cap-view-default) .elementor-drop-cap{margin-top:8px}.elementor-widget-text-editor:not(.elementor-drop-cap-view-default) .elementor-drop-cap-letter{width:1em;height:1em}.elementor-widget-text-editor .elementor-drop-cap{float:left;text-align:center;line-height:1;font-size:50px}.elementor-widget-text-editor .elementor-drop-cap-letter{display:inline-block}<\/style>\t\t\t\t<p class=\"western\" lang=\"de-DE\"><span style=\"color: #072e39;\"><span style=\"font-family: Arial, sans-serif;\"><span style=\"font-size: large;\"><span lang=\"en-US\">Bik\u00f3lo mingi oyo ekeseni polele ekoki kozala na mon\u0254k\u0254 ya mboka moko. Na ndakisa, na likambo ya Lingelesi, bik\u00f3lo mingi oyo ezali na Lingelesi lokola mon\u0254k\u0254 ya mboka ekomimona te ndenge moko na ek\u00f3lo mosusu kaka mpo balobaka mpe Lingelesi.<\/span><\/span><\/span><\/span><span style=\"color: #072e39;\"><span style=\"font-family: Arial, sans-serif;\"><span style=\"font-size: large;\"><span lang=\"en-US\"><br \/><br \/><\/span><\/span><\/span><\/span><span style=\"color: #072e39;\"><span style=\"font-family: Arial, sans-serif;\"><span style=\"font-size: large;\"><span lang=\"en-US\">Monoko ezali ezaleli ya liboso mpe ezaleli ya ekolo oyo ezali ntango nyonso. Soki monoko ezalaki te olingaki kozala na description incomplete ya ethnie. Monoko ezali eteni ya libosoliboso ya ekolo. Monoko ekangami na psyche na biso, lokola moto na moto mpe lokola lisanga. Monoko ezali eteni ya makanisi. Na yango, mon\u0254k\u0254 ezali na ntina mingi mpo na kotalela mokili. Bokeseni ya makanisi ya mokili esangisi bokeseni ya makanisi mpe ya monoko.<\/span><\/span><\/span><\/span><span style=\"color: #072e39;\"><span style=\"font-family: Arial, sans-serif;\"><span style=\"font-size: large;\"><span lang=\"en-US\"><br \/><br \/><\/span><\/span><\/span><\/span><span style=\"color: #072e39;\"><span style=\"font-family: Arial, sans-serif;\"><span style=\"font-size: large;\"><span lang=\"en-US\">Offre na biso na minoko ndenge na ndenge na mokili mobimba ndenge elobami na se ekoki kosalisa yo ozala na likanisi na ntina ya bituluku ya minoko oyo epesami na agence na biso:<\/span><\/span><\/span><\/span><\/p>\t\t\t\t\t\t<\/div>\n\t\t\t\t<\/div>\n\t\t\t\t\t<\/div>\n\t\t<\/div>\n\t\t\t\t<div class=\"elementor-column elementor-col-66 elementor-top-column elementor-element elementor-element-bd58f5e\" data-id=\"bd58f5e\" data-element_type=\"column\">\n\t\t\t<div class=\"elementor-widget-wrap elementor-element-populated\">\n\t\t\t\t\t\t<div class=\"elementor-element elementor-element-949d667 elementor-invisible elementor-widget elementor-widget-heading\" data-id=\"949d667\" data-element_type=\"widget\" data-settings=\"{&quot;_animation&quot;:&quot;fadeInRight&quot;}\" data-widget_type=\"heading.default\">\n\t\t\t\t<div class=\"elementor-widget-container\">\n\t\t\t<h3 class=\"elementor-heading-title elementor-size-default\">Monoko mpe Mimeseno: Min\u0254k\u0254 mpe Ekolo<\/h3>\t\t<\/div>\n\t\t\t\t<\/div>\n\t\t\t\t<div class=\"elementor-element elementor-element-3183088 elementor-widget elementor-widget-text-editor\" data-id=\"3183088\" data-element_type=\"widget\" data-widget_type=\"text-editor.default\">\n\t\t\t\t<div class=\"elementor-widget-container\">\n\t\t\t\t\t\t\t<p class=\"western\" lang=\"de-DE\"><span style=\"color: #072e39;\"><span style=\"font-family: Arial, sans-serif;\"><span style=\"font-size: large;\"><span lang=\"en-US\">Bato bakotuna ngai na mabaku mosusu motuna lokola, \u201cNa Kenya, bato nyonso balobaka Swahili, to bato mosusu balobaka kaka min\u0254k\u0254 mosusu?\u201d Likambo ya kokamwa, emonani ete molobi azali na likanisi ete Swahili ezali mon\u0254k\u0254 kasi min\u0254k\u0254 mosusu 85 kati na bik\u00f3lo 125 to koleka ezali \u201cdialecte.\u201d Dr. Orville Boyd Jenkins<br \/><br \/>Ezali mwa kos\u025bkisa ntango mosusu kokima na makomi oyo bato mingi balingaka oyo ezali kolobela min\u0254k\u0254 mpe maloba ya nk\u00f3t\u00e1. Oyo ekozala likambo ya kosekisa soki ezalaki mawa boye te. Mpo ete emonani lokola ezali komonisa likanisi ya hi\u00e9rarchie oyo ezali na bokeseni ya elobeli ya bato: tozali kotya mitindo ya maloba kobanda na mabe tii na oyo eleki malamu, to oyo ezali na nse tii na oyo eleki likol\u00f3, mpe mitindo oyo eleki likol\u00f3 ezali \u201cmin\u0254k\u0254\u201d .<\/span><\/span><\/span><\/span><\/p>\t\t\t\t\t\t<\/div>\n\t\t\t\t<\/div>\n\t\t\t\t<div class=\"elementor-element elementor-element-8960fcd elementor-invisible elementor-widget elementor-widget-image\" data-id=\"8960fcd\" data-element_type=\"widget\" data-settings=\"{&quot;_animation&quot;:&quot;fadeInUp&quot;}\" data-widget_type=\"image.default\">\n\t\t\t\t<div class=\"elementor-widget-container\">\n\t\t\t\t\t\t\t\t\t\t\t\t\t<img decoding=\"async\" src=\"https:\/\/muteba.com\/wp-content\/uploads\/2022\/07\/certified-cont.jpg\" title=\"certified-cont.jpg\" alt=\"certified-cont.jpg\" loading=\"lazy\" \/>\t\t\t\t\t\t\t\t\t\t\t\t\t<\/div>\n\t\t\t\t<\/div>\n\t\t\t\t\t<\/div>\n\t\t<\/div>\n\t\t\t\t\t<\/div>\n\t\t<\/section>\n\t\t\t\t<section class=\"elementor-section elementor-top-section elementor-element elementor-element-43cf6ee languages-list elementor-section-boxed elementor-section-height-default elementor-section-height-default\" data-id=\"43cf6ee\" data-element_type=\"section\">\n\t\t\t\t\t\t<div class=\"elementor-container elementor-column-gap-default\">\n\t\t\t\t\t<div class=\"elementor-column elementor-col-25 elementor-top-column elementor-element elementor-element-1c7d5a4\" data-id=\"1c7d5a4\" data-element_type=\"column\">\n\t\t\t<div class=\"elementor-widget-wrap elementor-element-populated\">\n\t\t\t\t\t\t<div class=\"elementor-element elementor-element-f7a110e elementor-widget elementor-widget-heading\" data-id=\"f7a110e\" data-element_type=\"widget\" data-widget_type=\"heading.default\">\n\t\t\t\t<div class=\"elementor-widget-container\">\n\t\t\t<h3 class=\"elementor-heading-title elementor-size-default\">Afrika<\/h3>\t\t<\/div>\n\t\t\t\t<\/div>\n\t\t\t\t<section class=\"elementor-section elementor-inner-section elementor-element elementor-element-f178c94 elementor-section-boxed elementor-section-height-default elementor-section-height-default\" data-id=\"f178c94\" data-element_type=\"section\">\n\t\t\t\t\t\t<div class=\"elementor-container elementor-column-gap-default\">\n\t\t\t\t\t<div class=\"elementor-column elementor-col-50 elementor-inner-column elementor-element elementor-element-f9b7727\" data-id=\"f9b7727\" data-element_type=\"column\">\n\t\t\t<div class=\"elementor-widget-wrap elementor-element-populated\">\n\t\t\t\t\t\t<div class=\"elementor-element elementor-element-661b24f elementor-widget elementor-widget-text-editor\" data-id=\"661b24f\" data-element_type=\"widget\" data-widget_type=\"text-editor.default\">\n\t\t\t\t<div class=\"elementor-widget-container\">\n\t\t\t\t\t\t\t<ul><li><p class=\"western\" lang=\"de-DE\">Na mon\u0254k\u0254 ya Amharique<\/p><\/li><li><p class=\"western\" lang=\"de-DE\">Ashanti \/ Assante<\/p><\/li><li>Bambara<\/li><li>Basar<\/li><li>Bissa<\/li><li>Diula \/ Jula \/ Joola<\/li><li>Djerma \/ Zerma<\/li><li>Duala<\/li><li>Ewe<\/li><li>Fula \/ Pula<\/li><li>Hausa<\/li><li>Ibo \/ Igbo<\/li><\/ul>\t\t\t\t\t\t<\/div>\n\t\t\t\t<\/div>\n\t\t\t\t\t<\/div>\n\t\t<\/div>\n\t\t\t\t<div class=\"elementor-column elementor-col-50 elementor-inner-column elementor-element elementor-element-cf58058\" data-id=\"cf58058\" data-element_type=\"column\">\n\t\t\t<div class=\"elementor-widget-wrap elementor-element-populated\">\n\t\t\t\t\t\t<div class=\"elementor-element elementor-element-bcf9ae6 elementor-widget elementor-widget-text-editor\" data-id=\"bcf9ae6\" data-element_type=\"widget\" data-widget_type=\"text-editor.default\">\n\t\t\t\t<div class=\"elementor-widget-container\">\n\t\t\t\t\t\t\t<ul><li>Kibemba<\/li><li>Kikongo<\/li><li>Kinyerwanda \/ Kirundi<\/li><li>Kiswahili \/ Swahili<\/li><li>Kotokoli<\/li><li>Krio<\/li><li>Lingala<\/li><li>Luganda<\/li><li>Malinke<\/li><li>Mandingo<\/li><li><p class=\"western\" lang=\"de-DE\">Mon\u0254k\u0254 ya Somalia<\/p><\/li><li>Wolof<\/li><\/ul>\t\t\t\t\t\t<\/div>\n\t\t\t\t<\/div>\n\t\t\t\t\t<\/div>\n\t\t<\/div>\n\t\t\t\t\t<\/div>\n\t\t<\/section>\n\t\t\t\t\t<\/div>\n\t\t<\/div>\n\t\t\t\t<div class=\"elementor-column elementor-col-25 elementor-top-column elementor-element elementor-element-25014ef\" data-id=\"25014ef\" data-element_type=\"column\">\n\t\t\t<div class=\"elementor-widget-wrap elementor-element-populated\">\n\t\t\t\t\t\t<div class=\"elementor-element elementor-element-ef56a81 elementor-widget elementor-widget-heading\" data-id=\"ef56a81\" data-element_type=\"widget\" data-widget_type=\"heading.default\">\n\t\t\t\t<div class=\"elementor-widget-container\">\n\t\t\t<h3 class=\"elementor-heading-title elementor-size-default\">Mpoto ya W\u025bsti<\/h3>\t\t<\/div>\n\t\t\t\t<\/div>\n\t\t\t\t<div class=\"elementor-element elementor-element-2586a2b elementor-widget elementor-widget-text-editor\" data-id=\"2586a2b\" data-element_type=\"widget\" data-widget_type=\"text-editor.default\">\n\t\t\t\t<div class=\"elementor-widget-container\">\n\t\t\t\t\t\t\t<ul><li><p class=\"western\" lang=\"de-DE\">Danois<\/p><\/li><li><p class=\"western\" lang=\"de-DE\">N\u00e9erlandais<\/p><\/li><li><p class=\"western\" lang=\"de-DE\">Finlande<\/p><\/li><li><p class=\"western\" lang=\"de-DE\">Lifalanse<\/p><\/li><li><p class=\"western\" lang=\"de-DE\">Allemand<\/p><\/li><li>Greek<\/li><li><p class=\"western\" lang=\"de-DE\">Mon\u0254k\u0254 ya Islande<\/p><\/li><li><p class=\"western\" lang=\"de-DE\">Kiitaliano<\/p><\/li><li><p class=\"western\" lang=\"de-DE\">Mon\u0254k\u0254 ya Norv\u00e8ge<\/p><\/li><li><p class=\"western\" lang=\"de-DE\">Liloba ya Portugal<\/p><\/li><li><p class=\"western\" lang=\"de-DE\">Espagnole<\/p><\/li><li><p class=\"western\" lang=\"de-DE\">Liloba ya Su\u00e8de<\/p><\/li><\/ul>\t\t\t\t\t\t<\/div>\n\t\t\t\t<\/div>\n\t\t\t\t\t<\/div>\n\t\t<\/div>\n\t\t\t\t<div class=\"elementor-column elementor-col-25 elementor-top-column elementor-element elementor-element-6e1e4aa\" data-id=\"6e1e4aa\" data-element_type=\"column\">\n\t\t\t<div class=\"elementor-widget-wrap elementor-element-populated\">\n\t\t\t\t\t\t<div class=\"elementor-element elementor-element-560e26a elementor-widget elementor-widget-heading\" data-id=\"560e26a\" data-element_type=\"widget\" data-widget_type=\"heading.default\">\n\t\t\t\t<div class=\"elementor-widget-container\">\n\t\t\t<h3 class=\"elementor-heading-title elementor-size-default\">Mpoto ya \u0190sti<\/h3>\t\t<\/div>\n\t\t\t\t<\/div>\n\t\t\t\t<div class=\"elementor-element elementor-element-46e7de2 elementor-widget elementor-widget-text-editor\" data-id=\"46e7de2\" data-element_type=\"widget\" data-widget_type=\"text-editor.default\">\n\t\t\t\t<div class=\"elementor-widget-container\">\n\t\t\t\t\t\t\t<ul><li><p class=\"western\" lang=\"de-DE\">Mon\u0254k\u0254 ya Arm\u00e9nie<\/p><\/li><li><p class=\"western\" lang=\"de-DE\">Mon\u0254k\u0254 ya Bulgarie<\/p><\/li><li><p class=\"western\" lang=\"de-DE\">Mon\u0254k\u0254 ya Tch\u00e8que<\/p><\/li><li><p class=\"western\" lang=\"de-DE\">Mon\u0254k\u0254 ya Estonie<\/p><\/li><li><p class=\"western\" lang=\"de-DE\">Mon\u0254k\u0254 ya Hongrie<\/p><\/li><li><p class=\"western\" lang=\"de-DE\">Mon\u0254k\u0254 ya Lettonie<\/p><\/li><li><p class=\"western\" lang=\"de-DE\">Mon\u0254k\u0254 ya Lituanie<\/p><\/li><li><p class=\"western\" lang=\"de-DE\">Polonais<\/p><\/li><li><p class=\"western\" lang=\"de-DE\">Roumanien<\/p><\/li><li><p class=\"western\" lang=\"de-DE\">Slovaque<\/p><\/li><li><p class=\"western\" lang=\"de-DE\">Mon\u0254k\u0254 ya Slov\u00e9nie<\/p><\/li><li><p class=\"western\" lang=\"de-DE\">Mon\u0254k\u0254 ya Ukaine<\/p><\/li><\/ul>\t\t\t\t\t\t<\/div>\n\t\t\t\t<\/div>\n\t\t\t\t\t<\/div>\n\t\t<\/div>\n\t\t\t\t<div class=\"elementor-column elementor-col-25 elementor-top-column elementor-element elementor-element-60150c5\" data-id=\"60150c5\" data-element_type=\"column\">\n\t\t\t<div class=\"elementor-widget-wrap elementor-element-populated\">\n\t\t\t\t\t\t<div class=\"elementor-element elementor-element-043ba0d elementor-widget elementor-widget-heading\" data-id=\"043ba0d\" data-element_type=\"widget\" data-widget_type=\"heading.default\">\n\t\t\t\t<div class=\"elementor-widget-container\">\n\t\t\t<h3 class=\"elementor-heading-title elementor-size-default\">Azia \/ Moyen-Orient<\/h3>\t\t<\/div>\n\t\t\t\t<\/div>\n\t\t\t\t<div class=\"elementor-element elementor-element-135fa81 elementor-widget elementor-widget-text-editor\" data-id=\"135fa81\" data-element_type=\"widget\" data-widget_type=\"text-editor.default\">\n\t\t\t\t<div class=\"elementor-widget-container\">\n\t\t\t\t\t\t\t<ul><li><p class=\"western\" lang=\"de-DE\">Bato ya Afghanistan<\/p><\/li><li><p class=\"western\" lang=\"de-DE\">Arabe<\/p><\/li><li>Bengali<\/li><li><p class=\"western\" lang=\"de-DE\">Mon\u0254k\u0254 ya ba Chinois<\/p><\/li><li><p class=\"western\" lang=\"de-DE\">Liebele<\/p><\/li><li><p class=\"western\" lang=\"de-DE\">Mon\u0254k\u0254 ya Indonesie<\/p><\/li><li><p class=\"western\" lang=\"de-DE\">Kmehr<\/p><\/li><li><p class=\"western\" lang=\"de-DE\">Kurde<\/p><\/li><li><p class=\"western\" lang=\"de-DE\">Mon\u0254k\u0254 ya Mongolia<\/p><\/li><li><p class=\"western\" lang=\"de-DE\">Mon\u0254k\u0254 ya N\u00e9pal<\/p><\/li><li><p class=\"western\" lang=\"de-DE\">Mon\u0254k\u0254 ya Perse<\/p><\/li><li><p class=\"western\" lang=\"de-DE\">Tamil \/ Singalese<\/p><\/li><\/ul>\t\t\t\t\t\t<\/div>\n\t\t\t\t<\/div>\n\t\t\t\t\t<\/div>\n\t\t<\/div>\n\t\t\t\t\t<\/div>\n\t\t<\/section>\n\t\t\t\t<\/div>\n\t\t","protected":false},"excerpt":{"rendered":"<p>MISALA YA KOBONGOLA Min\u0254k\u0254 Home Languages Monoko mpe Ekolo Bik\u00f3lo mingi oyo ekeseni polele ekoki kozala na mon\u0254k\u0254 ya mboka moko. Na ndakisa, na likambo ya Lingelesi, bik\u00f3lo mingi oyo ezali na Lingelesi lokola mon\u0254k\u0254 ya mboka ekomimona te ndenge moko na ek\u00f3lo mosusu kaka mpo balobaka mpe Lingelesi. Monoko ezali ezaleli ya liboso mpe [&hellip;]<\/p>\n","protected":false},"author":1,"featured_media":0,"parent":0,"menu_order":0,"comment_status":"closed","ping_status":"closed","template":"elementor_header_footer","meta":{"footnotes":""},"class_list":["post-1042","page","type-page","status-publish","hentry"],"acf":[],"_links":{"self":[{"href":"https:\/\/muteba.com\/lin\/wp-json\/wp\/v2\/pages\/1042","targetHints":{"allow":["GET"]}}],"collection":[{"href":"https:\/\/muteba.com\/lin\/wp-json\/wp\/v2\/pages"}],"about":[{"href":"https:\/\/muteba.com\/lin\/wp-json\/wp\/v2\/types\/page"}],"author":[{"embeddable":true,"href":"https:\/\/muteba.com\/lin\/wp-json\/wp\/v2\/users\/1"}],"replies":[{"embeddable":true,"href":"https:\/\/muteba.com\/lin\/wp-json\/wp\/v2\/comments?post=1042"}],"version-history":[{"count":5,"href":"https:\/\/muteba.com\/lin\/wp-json\/wp\/v2\/pages\/1042\/revisions"}],"predecessor-version":[{"id":3474,"href":"https:\/\/muteba.com\/lin\/wp-json\/wp\/v2\/pages\/1042\/revisions\/3474"}],"wp:attachment":[{"href":"https:\/\/muteba.com\/lin\/wp-json\/wp\/v2\/media?parent=1042"}],"curies":[{"name":"wp","href":"https:\/\/api.w.org\/{rel}","templated":true}]}}