{"id":2032,"date":"2023-12-15T10:25:14","date_gmt":"2023-12-15T10:25:14","guid":{"rendered":"https:\/\/muteba.de\/our-staff\/"},"modified":"2023-12-15T10:25:14","modified_gmt":"2023-12-15T10:25:14","slug":"our-staff","status":"publish","type":"page","link":"https:\/\/muteba.com\/lin\/our-staff\/","title":{"rendered":"Our Staff"},"content":{"rendered":"\n<div class=\"wrap plugin-container\">\n\n\t\n\t\n\t\n<!-- employees toolbar  -->\n\t\n\n<div class=\"vap-emplist-toolbar\">\n\t\n\t\n\t<div class=\"vap-emplist-toolbar-top\">\n\n\t\t\t\t\t<div class=\"vap-emplist-ordering\">\n\t\t\t\t<span>\n\t\t\t\t\t<button type=\"button\" class=\"vap-btn small blue\" onClick=\"vapDisplayFilters(this);\">\n\t\t\t\t\t\tOrdering Filter\t\t\t\t\t<\/button>\n\t\t\t\t<\/span>\n\t\t\t\t\n\t\t\t\t<div class=\"vap-emplist-ordering-fields\">\n\t\t\t\t\t<ul>\n\t\t\t\t\t\t\n\t\t\t\t\t\t\t<li class=\"selected\">\n\t\t\t\t\t\t\t\t\t\t\t\t\t\t\t\t\t<span>Alphabetically a..Z<\/span>\n\t\t\t\t\t\t\t\t\t\t\t\t\t\t\t\t<\/li>\n\t\t\t\t\t\t\t\n\t\t\t\t\t\t\t<li class=\"\">\n\t\t\t\t\t\t\t\t\t\t\t\t\t\t\t\t\t<a href=\"index.php?option=com_vikappointments&view=employeeslist&ordering=2\">Alphabetically Z..a<\/a>\n\t\t\t\t\t\t\t\t\t\t\t\t\t\t\t\t<\/li>\n\t\t\t\t\t\t\t\n\t\t\t\t\t\t\t<li class=\"\">\n\t\t\t\t\t\t\t\t\t\t\t\t\t\t\t\t\t<a href=\"index.php?option=com_vikappointments&view=employeeslist&ordering=3\">Newest Employees<\/a>\n\t\t\t\t\t\t\t\t\t\t\t\t\t\t\t\t<\/li>\n\t\t\t\t\t\t\t\n\t\t\t\t\t\t\t<li class=\"\">\n\t\t\t\t\t\t\t\t\t\t\t\t\t\t\t\t\t<a href=\"index.php?option=com_vikappointments&view=employeeslist&ordering=4\">Oldest Employees<\/a>\n\t\t\t\t\t\t\t\t\t\t\t\t\t\t\t\t<\/li>\n\t\t\t\t\t\t\t\n\t\t\t\t\t\t\t<li class=\"\">\n\t\t\t\t\t\t\t\t\t\t\t\t\t\t\t\t\t<a href=\"index.php?option=com_vikappointments&view=employeeslist&ordering=5\">Most Popular<\/a>\n\t\t\t\t\t\t\t\t\t\t\t\t\t\t\t\t<\/li>\n\t\t\t\t\t\t\t\n\t\t\t\t\t\t\t<li class=\"\">\n\t\t\t\t\t\t\t\t\t\t\t\t\t\t\t\t\t<a href=\"index.php?option=com_vikappointments&view=employeeslist&ordering=6\">Highest Rating<\/a>\n\t\t\t\t\t\t\t\t\t\t\t\t\t\t\t\t<\/li>\n\t\t\t\t\t\t\t\t\t\t\t\t<\/ul>\n\t\t\t\t<\/div>\n\n\t\t\t<\/div>\n\t\t\t\n\t<\/div>\n\n\t<\/div>\n\n\n<script>\n\t\n\tjQuery(function($) {\n\t\t$('.vap-empgroup-sel').select2({\n\t\t\tplaceholder: Joomla.JText._('VAPEMPALLGROUPSOPTION'),\n\t\t\tallowClear: true,\n\t\t\twidth: 300\n\t\t});\n\n\t\t$('.vap-empgroup-sel').on('change', () => {\n\t\t\t$('#vap-empgroup-form').submit();\n\t\t});\n\t});\n\n\tfunction vapDisplayFilters(button) {\n\t\tvar fields = jQuery('.vap-emplist-ordering-fields');\n\t\tif (!fields.is(':visible')) {\n\t\t\tfields.slideDown();\n\t\t\tjQuery(button).addClass('active');\n\t\t} else {\n\t\t\tfields.slideUp();\n\t\t\tjQuery(button).removeClass('active');\n\t\t}\n\t}\n\n<\/script>\n\t\n<!-- employees list -->\n\t\n<div class=\"vapempallblocks\">\n\n\t\n<div class=\"vapempblock light-theme-background\" id=\"vapempblock16\">\n\n\t<div class=\"vapempinfoblock\">\n\n\t\t\t\t\t<!-- display image -->\n\n\t\t\t<div class=\"vapempimgdiv\">\n\t\t\t\t\t\t\t\t\t<a href=\"https:\/\/muteba.com\/lin\/our-staff\/?option=com_vikappointments&amp;view=employeesearch&amp;id_employee=16\">\n\t\t\t\t\t\t<img decoding=\"async\" loading=\"lazy\" alt=\"Said Ahmed Q\" src=\"http:\/\/muteba.com\/wp-content\/uploads\/vikappointments\/media@small\/Interpreters_Sayid_Q_edit.png\" \/>\t\t\t\t\t<\/a>\n\t\t\t\t\t    \n\t\t\t<\/div>\n\t\t\t\n\t\t<div class=\"vap-empinfo\">\n\n\t\t\t<!-- block with name and reviews -->\n\n\t\t\t<div class=\"vap-empheader-div\">\n\n\t\t\t\t<div class=\"vapempnamediv\">\n\t\t\t\t\t<a href=\"https:\/\/muteba.com\/lin\/our-staff\/?option=com_vikappointments&amp;view=employeesearch&amp;id_employee=16\">\n\t\t\t\t\t\tSaid Ahmed Q\t\t\t\t\t<\/a>\n\t\t\t\t<\/div>\n\n\t\t\t\t\t\t\t\t\t<div class=\"vapempratingdiv\">\n\t\t\t\t\t\t\t\t\t\t\t<\/div>\n\n\t\t\t\t\t<div class=\"vap-empsubreview-div\">\n\t\t\t\t\t\tNo review\t\t\t\t\t<\/div>\n\t\t\t\t\t\n\t\t\t<\/div>\n\n\t\t<\/div>\n\t   \n\t\t<div class=\"vapempdescdiv\">\n\n\t\t\t<!-- employee description -->\n\n\t\t\tAs\u1ee5s\u1ee5\nGerman - Urdu - Punjabi\nNd\u1ecb \u1ecdz\u1ecd gbasara \nUrdunaPunjabi b\u1ee5 as\u1ee5s\u1ee5 ab\u1ee5\u1ecd d\u1ecb mkpa a na-as\u1ee5 na South Asia, \u1ecdkachas\u1ecb na Pakistan na India.\n\nEbe ha na-eker\u1ecbta \u1ee5f\u1ecdd\u1ee5 myir\u1ecbta n'ihi \u1ecbd\u1ecb nso ala ha na mmek\u1ecdr\u1ecbta ak\u1ee5k\u1ecd ihe mere eme, ha so na ngalaba as\u1ee5s\u1ee5 d\u1ecb iche iche ma nwee njirimara d\u1ecb iche iche. Nke a b\u1ee5 nt\u1ee5nyere zuru ezu nke as\u1ee5s\u1ee5 ab\u1ee5\u1ecd ah\u1ee5:\n1. Urdu\n\u2022...\t\t<\/div>\n\t\t\n\t\t\t\t\n\t<\/div>\n\t\n\t\n<\/div>\n\n<div class=\"vapempblock light-theme-background\" id=\"vapempblock11\">\n\n\t<div class=\"vapempinfoblock\">\n\n\t\t\t\t\t<!-- display image -->\n\n\t\t\t<div class=\"vapempimgdiv\">\n\t\t\t\t\t\t\t\t\t<a href=\"https:\/\/muteba.com\/lin\/our-staff\/?option=com_vikappointments&amp;view=employeesearch&amp;id_employee=11\">\n\t\t\t\t\t\t<img decoding=\"async\" loading=\"lazy\" alt=\"Lemma B\" src=\"http:\/\/muteba.com\/wp-content\/uploads\/vikappointments\/media@small\/ourstafff1.jpg\" \/>\t\t\t\t\t<\/a>\n\t\t\t\t\t    \n\t\t\t<\/div>\n\t\t\t\n\t\t<div class=\"vap-empinfo\">\n\n\t\t\t<!-- block with name and reviews -->\n\n\t\t\t<div class=\"vap-empheader-div\">\n\n\t\t\t\t<div class=\"vapempnamediv\">\n\t\t\t\t\t<a href=\"https:\/\/muteba.com\/lin\/our-staff\/?option=com_vikappointments&amp;view=employeesearch&amp;id_employee=11\">\n\t\t\t\t\t\tLemma B\t\t\t\t\t<\/a>\n\t\t\t\t<\/div>\n\n\t\t\t\t\t\t\t\t\t<div class=\"vapempratingdiv\">\n\t\t\t\t\t\t\t\t\t\t\t<\/div>\n\n\t\t\t\t\t<div class=\"vap-empsubreview-div\">\n\t\t\t\t\t\tNo review\t\t\t\t\t<\/div>\n\t\t\t\t\t\n\t\t\t<\/div>\n\n\t\t<\/div>\n\t   \n\t\t<div class=\"vapempdescdiv\">\n\n\t\t\t<!-- employee description -->\n\n\t\t\tAmharic mpe Oromo ezali minoko mibale ya minene oyo balobaka na \u00c9thiopie, moko na moko ezali na misisa ya nkota oyo ekeseni na mosusu, ntina ya mimeseno, mpe lisolo ya kala. Tal\u00e1 bokokanisi ya sikisiki ya makambo yango mibale:\n1. Liambo ya Amharique\n\u2022 Elobami na: Liboso mingi na \u00c9thiopie; ezali monoko ya mosala ya leta ya mboka.\n\u2022 Motango ya balobi...\t\t<\/div>\n\t\t\n\t\t\t\t\t<!-- employee locations list -->\n\n\t\t\t<div class=\"vap-emp-avloc-block\">\n\t\t\t\t\n\t\t\t\t\n\t\t\t\t\t<div class=\"vap-emp-avlocation-item\">\n\t\t\t\t\t\t<span class=\"address\"><i class=\"fas fa-map-marker-alt\"><\/i> Hotel de Rome , a Rocco Forte Hotel Behrenstrabe 37 10117 Berlin, 10117 BE, DE<\/span>\n\t\t\t\t\t\t\n\t\t\t\t\t\t\t\t\t\t\t<\/div>\n\t\t\t\t\t\n\t\t\t<\/div>\n\n\t\t\t\t\t\n\t<\/div>\n\t\n\t\n<\/div>\n\n<div class=\"vapempblock light-theme-background\" id=\"vapempblock12\">\n\n\t<div class=\"vapempinfoblock\">\n\n\t\t\t\t\t<!-- display image -->\n\n\t\t\t<div class=\"vapempimgdiv\">\n\t\t\t\t\t\t\t\t\t<a href=\"https:\/\/muteba.com\/lin\/our-staff\/?option=com_vikappointments&amp;view=employeesearch&amp;id_employee=12\">\n\t\t\t\t\t\t<img decoding=\"async\" loading=\"lazy\" alt=\"Robert B\" src=\"http:\/\/muteba.com\/wp-content\/uploads\/vikappointments\/media@small\/robertb.png\" \/>\t\t\t\t\t<\/a>\n\t\t\t\t\t    \n\t\t\t<\/div>\n\t\t\t\n\t\t<div class=\"vap-empinfo\">\n\n\t\t\t<!-- block with name and reviews -->\n\n\t\t\t<div class=\"vap-empheader-div\">\n\n\t\t\t\t<div class=\"vapempnamediv\">\n\t\t\t\t\t<a href=\"https:\/\/muteba.com\/lin\/our-staff\/?option=com_vikappointments&amp;view=employeesearch&amp;id_employee=12\">\n\t\t\t\t\t\tRobert B\t\t\t\t\t<\/a>\n\t\t\t\t<\/div>\n\n\t\t\t\t\t\t\t\t\t<div class=\"vapempratingdiv\">\n\t\t\t\t\t\t\t\t\t\t\t<\/div>\n\n\t\t\t\t\t<div class=\"vap-empsubreview-div\">\n\t\t\t\t\t\tNo review\t\t\t\t\t<\/div>\n\t\t\t\t\t\n\t\t\t<\/div>\n\n\t\t<\/div>\n\t   \n\t\t<div class=\"vapempdescdiv\">\n\n\t\t\t<!-- employee description -->\n\n\t\t\tAmharic mpe Oromo ezali minoko mibale ya minene oyo balobaka na \u00c9thiopie, moko na ezali na moko na misisa ya nkota oyo mosusu na, ntina ya mimeseno, mpela ya kala. Tal\u00e1 bokokanisa ya makambo ya yango mibale:\n1. Liambo ya Amharique\n\u2022 Elobami na: Liboso mingi na \u00c9thiopie; ezali monoko ya mosala ya leta ya mboka.\n\u2022 Motango ya balobi: Pene na milio 32...\t\t<\/div>\n\t\t\n\t\t\t\t\n\t<\/div>\n\t\n\t\n<\/div>\n\n<div class=\"vapempblock light-theme-background\" id=\"vapempblock19\">\n\n\t<div class=\"vapempinfoblock\">\n\n\t\t\t\t\t<!-- display image -->\n\n\t\t\t<div class=\"vapempimgdiv\">\n\t\t\t\t\t\t\t\t\t<a href=\"https:\/\/muteba.com\/lin\/our-staff\/?option=com_vikappointments&amp;view=employeesearch&amp;id_employee=19\">\n\t\t\t\t\t\t<img decoding=\"async\" loading=\"lazy\" alt=\"Anamika D\" src=\"http:\/\/muteba.com\/wp-content\/uploads\/vikappointments\/media@small\/anamik.jpg\" \/>\t\t\t\t\t<\/a>\n\t\t\t\t\t    \n\t\t\t<\/div>\n\t\t\t\n\t\t<div class=\"vap-empinfo\">\n\n\t\t\t<!-- block with name and reviews -->\n\n\t\t\t<div class=\"vap-empheader-div\">\n\n\t\t\t\t<div class=\"vapempnamediv\">\n\t\t\t\t\t<a href=\"https:\/\/muteba.com\/lin\/our-staff\/?option=com_vikappointments&amp;view=employeesearch&amp;id_employee=19\">\n\t\t\t\t\t\tAnamika D\t\t\t\t\t<\/a>\n\t\t\t\t<\/div>\n\n\t\t\t\t\t\t\t\t\t<div class=\"vapempratingdiv\">\n\t\t\t\t\t\t\t\t\t\t\t<\/div>\n\n\t\t\t\t\t<div class=\"vap-empsubreview-div\">\n\t\t\t\t\t\tNo review\t\t\t\t\t<\/div>\n\t\t\t\t\t\n\t\t\t<\/div>\n\n\t\t<\/div>\n\t   \n\t\t<div class=\"vapempdescdiv\">\n\n\t\t\t<!-- employee description -->\n\n\t\t\tMinoko\nAllemand - Bengali - Hindi\nMakambo mosusu na ntina na Bengali mpe Hindi ezali minoko mibale oyo elobelamaka mingi na Azia ya Sudi, moko na moko ezali na lisolo na yango ya bozwi, mimeseno, mpe makambo na yango ya nkota . Atako bango mibale bazali min\u0254k\u0254 ya Indo-Aryen mpe bazali na mwa bokokani, .\n\nbazali mpe na bizaleli ekeseni oyo ezali kom...\t\t<\/div>\n\t\t\n\t\t\t\t\n\t<\/div>\n\t\n\t\n<\/div>\n\n<div class=\"vapempblock light-theme-background\" id=\"vapempblock20\">\n\n\t<div class=\"vapempinfoblock\">\n\n\t\t\t\t\t<!-- display image -->\n\n\t\t\t<div class=\"vapempimgdiv\">\n\t\t\t\t\t\t\t\t\t<a href=\"https:\/\/muteba.com\/lin\/our-staff\/?option=com_vikappointments&amp;view=employeesearch&amp;id_employee=20\">\n\t\t\t\t\t\t<img decoding=\"async\" loading=\"lazy\" alt=\"Carine Marques Da Silva\" src=\"http:\/\/muteba.com\/wp-content\/uploads\/vikappointments\/media@small\/carnie.png\" \/>\t\t\t\t\t<\/a>\n\t\t\t\t\t    \n\t\t\t<\/div>\n\t\t\t\n\t\t<div class=\"vap-empinfo\">\n\n\t\t\t<!-- block with name and reviews -->\n\n\t\t\t<div class=\"vap-empheader-div\">\n\n\t\t\t\t<div class=\"vapempnamediv\">\n\t\t\t\t\t<a href=\"https:\/\/muteba.com\/lin\/our-staff\/?option=com_vikappointments&amp;view=employeesearch&amp;id_employee=20\">\n\t\t\t\t\t\tCarine Marques Da Silva\t\t\t\t\t<\/a>\n\t\t\t\t<\/div>\n\n\t\t\t\t\t\t\t\t\t<div class=\"vapempratingdiv\">\n\t\t\t\t\t\t\t\t\t\t\t<\/div>\n\n\t\t\t\t\t<div class=\"vap-empsubreview-div\">\n\t\t\t\t\t\tNo review\t\t\t\t\t<\/div>\n\t\t\t\t\t\n\t\t\t<\/div>\n\n\t\t<\/div>\n\t   \n\t\t<div class=\"vapempdescdiv\">\n\n\t\t\t<!-- employee description -->\n\n\t\t\tAllemand \u2013 Lifalanse \u2013 Portugais\nLisusu Na ntina na Portugais Portugais ezali solo monoko ya ntina ya mokili mobimba oyo ezali na bopanzani monene:\n\u2022 Ezali mon\u0254k\u0254 ya Leta na mikili libwa na kati ya bakontina minei, na ndakisa Br\u00e9sil, Portugal, Angola, mpe Mozambique.\n&lt;!--mingi--&gt;\n\u2022 Lokola bato koleka milio 250 balobaka mon\u0254k\u0254 ya mboka, Portug...\t\t<\/div>\n\t\t\n\t\t\t\t\n\t<\/div>\n\t\n\t\n<\/div>\n\n<div class=\"vapempblock light-theme-background\" id=\"vapempblock13\">\n\n\t<div class=\"vapempinfoblock\">\n\n\t\t\t\t\t<!-- display image -->\n\n\t\t\t<div class=\"vapempimgdiv\">\n\t\t\t\t\t\t\t\t\t<a href=\"https:\/\/muteba.com\/lin\/our-staff\/?option=com_vikappointments&amp;view=employeesearch&amp;id_employee=13\">\n\t\t\t\t\t\t<img decoding=\"async\" loading=\"lazy\" alt=\"Abraha J\" src=\"http:\/\/muteba.com\/wp-content\/uploads\/vikappointments\/media@small\/abraha.jpg\" \/>\t\t\t\t\t<\/a>\n\t\t\t\t\t    \n\t\t\t<\/div>\n\t\t\t\n\t\t<div class=\"vap-empinfo\">\n\n\t\t\t<!-- block with name and reviews -->\n\n\t\t\t<div class=\"vap-empheader-div\">\n\n\t\t\t\t<div class=\"vapempnamediv\">\n\t\t\t\t\t<a href=\"https:\/\/muteba.com\/lin\/our-staff\/?option=com_vikappointments&amp;view=employeesearch&amp;id_employee=13\">\n\t\t\t\t\t\tAbraha J\t\t\t\t\t<\/a>\n\t\t\t\t<\/div>\n\n\t\t\t\t\t\t\t\t\t<div class=\"vapempratingdiv\">\n\t\t\t\t\t\t\t\t\t\t\t<\/div>\n\n\t\t\t\t\t<div class=\"vap-empsubreview-div\">\n\t\t\t\t\t\tNo review\t\t\t\t\t<\/div>\n\t\t\t\t\t\n\t\t\t<\/div>\n\n\t\t<\/div>\n\t   \n\t\t<div class=\"vapempdescdiv\">\n\n\t\t\t<!-- employee description -->\n\n\t\t\tMinoko\nAllemand - Tigrinya - Amharique\nMaloba ya sikisiki\nTigrinya - Amharique\nMingi na ntina ya Tigrinya mpe Amharic ezali minoko nyonso mibale ya Semite oyo balobaka libosoliboso na Liseke ya Afrika.\n\nBazali na libula moko ya nkota, kasi bakeseni na fonoloji, maloba mpe gramere na bango. Tal\u00e1 ndenge oyo tokokanisi min\u0254k\u0254 yango mibale:\n1. Tigrinya...\t\t<\/div>\n\t\t\n\t\t\t\t\n\t<\/div>\n\t\n\t\n<\/div>\n\n<div class=\"vapempblock light-theme-background\" id=\"vapempblock15\">\n\n\t<div class=\"vapempinfoblock\">\n\n\t\t\t\t\t<!-- display image -->\n\n\t\t\t<div class=\"vapempimgdiv\">\n\t\t\t\t\t\t\t\t\t<a href=\"https:\/\/muteba.com\/lin\/our-staff\/?option=com_vikappointments&amp;view=employeesearch&amp;id_employee=15\">\n\t\t\t\t\t\t<img decoding=\"async\" loading=\"lazy\" alt=\"Ahmed J\" src=\"http:\/\/muteba.com\/wp-content\/uploads\/vikappointments\/media@small\/Ahmad_Jama.png\" \/>\t\t\t\t\t<\/a>\n\t\t\t\t\t    \n\t\t\t<\/div>\n\t\t\t\n\t\t<div class=\"vap-empinfo\">\n\n\t\t\t<!-- block with name and reviews -->\n\n\t\t\t<div class=\"vap-empheader-div\">\n\n\t\t\t\t<div class=\"vapempnamediv\">\n\t\t\t\t\t<a href=\"https:\/\/muteba.com\/lin\/our-staff\/?option=com_vikappointments&amp;view=employeesearch&amp;id_employee=15\">\n\t\t\t\t\t\tAhmed J\t\t\t\t\t<\/a>\n\t\t\t\t<\/div>\n\n\t\t\t\t\t\t\t\t\t<div class=\"vapempratingdiv\">\n\t\t\t\t\t\t\t\t\t\t\t<\/div>\n\n\t\t\t\t\t<div class=\"vap-empsubreview-div\">\n\t\t\t\t\t\tNo review\t\t\t\t\t<\/div>\n\t\t\t\t\t\n\t\t\t<\/div>\n\n\t\t<\/div>\n\t   \n\t\t<div class=\"vapempdescdiv\">\n\n\t\t\t<!-- employee description -->\n\n\t\t\tMinoko\nAllemand - Somalia - Arabe\nMaloba ya sikisiki\nSomali - Arabe\nMingi na ntina ya\nTala na bokuse ya minoko ya Somali na Arabe,\n\nkotya likebi mingi na bizaleli na bango ya ntina:\nMosolo ya Somalia:\nSomali ezal\u00ed mon\u0254k\u0254 ya Afroasiatique, elobelamaka libosoliboso na Somalie, Djibouti, mpe na bisika mosusu ya Ethiopie mpe Kenya. Ezali monoko ya Leta...\t\t<\/div>\n\t\t\n\t\t\t\t\n\t<\/div>\n\t\n\t\n<\/div>\n\n<div class=\"vapempblock light-theme-background\" id=\"vapempblock18\">\n\n\t<div class=\"vapempinfoblock\">\n\n\t\t\t\t\t<!-- display image -->\n\n\t\t\t<div class=\"vapempimgdiv\">\n\t\t\t\t\t\t\t\t\t<a href=\"https:\/\/muteba.com\/lin\/our-staff\/?option=com_vikappointments&amp;view=employeesearch&amp;id_employee=18\">\n\t\t\t\t\t\t<img decoding=\"async\" loading=\"lazy\" alt=\"Mariama K\" src=\"http:\/\/muteba.com\/wp-content\/uploads\/vikappointments\/media@small\/mariam.png\" \/>\t\t\t\t\t<\/a>\n\t\t\t\t\t    \n\t\t\t<\/div>\n\t\t\t\n\t\t<div class=\"vap-empinfo\">\n\n\t\t\t<!-- block with name and reviews -->\n\n\t\t\t<div class=\"vap-empheader-div\">\n\n\t\t\t\t<div class=\"vapempnamediv\">\n\t\t\t\t\t<a href=\"https:\/\/muteba.com\/lin\/our-staff\/?option=com_vikappointments&amp;view=employeesearch&amp;id_employee=18\">\n\t\t\t\t\t\tMariama K\t\t\t\t\t<\/a>\n\t\t\t\t<\/div>\n\n\t\t\t\t\t\t\t\t\t<div class=\"vapempratingdiv\">\n\t\t\t\t\t\t\t\t\t\t\t<\/div>\n\n\t\t\t\t\t<div class=\"vap-empsubreview-div\">\n\t\t\t\t\t\tNo review\t\t\t\t\t<\/div>\n\t\t\t\t\t\n\t\t\t<\/div>\n\n\t\t<\/div>\n\t   \n\t\t<div class=\"vapempdescdiv\">\n\n\t\t\t<!-- employee description -->\n\n\t\t\tMinoko\nAllemand - Lifalanse - Bambara\nLisusu na ntina Bambara, eyebani mpe na nkombo Bamana to Bamanakan, ezali monoko oyo balobaka libosoliboso na Mali, na Afrika ya W\u025bsti. Ezali na kati ya libota ya nkota ya Mande mpe esalaka lokola lingua franca na Mali, .\n\nelingi koloba ete esalelamaka mingi mpo na bosololi kati na bato oyo bazali na minoko ya...\t\t<\/div>\n\t\t\n\t\t\t\t\n\t<\/div>\n\t\n\t\n<\/div>\n\n<div class=\"vapempblock light-theme-background\" id=\"vapempblock17\">\n\n\t<div class=\"vapempinfoblock\">\n\n\t\t\t\t\t<!-- display image -->\n\n\t\t\t<div class=\"vapempimgdiv\">\n\t\t\t\t\t\t\t\t\t<a href=\"https:\/\/muteba.com\/lin\/our-staff\/?option=com_vikappointments&amp;view=employeesearch&amp;id_employee=17\">\n\t\t\t\t\t\t<img decoding=\"async\" loading=\"lazy\" alt=\"Tshibanda M\" src=\"http:\/\/muteba.com\/wp-content\/uploads\/vikappointments\/media@small\/tshiban.jpg\" \/>\t\t\t\t\t<\/a>\n\t\t\t\t\t    \n\t\t\t<\/div>\n\t\t\t\n\t\t<div class=\"vap-empinfo\">\n\n\t\t\t<!-- block with name and reviews -->\n\n\t\t\t<div class=\"vap-empheader-div\">\n\n\t\t\t\t<div class=\"vapempnamediv\">\n\t\t\t\t\t<a href=\"https:\/\/muteba.com\/lin\/our-staff\/?option=com_vikappointments&amp;view=employeesearch&amp;id_employee=17\">\n\t\t\t\t\t\tTshibanda M\t\t\t\t\t<\/a>\n\t\t\t\t<\/div>\n\n\t\t\t\t\t\t\t\t\t<div class=\"vapempratingdiv\">\n\t\t\t\t\t\t\t\t\t\t\t<\/div>\n\n\t\t\t\t\t<div class=\"vap-empsubreview-div\">\n\t\t\t\t\t\tNo review\t\t\t\t\t<\/div>\n\t\t\t\t\t\n\t\t\t<\/div>\n\n\t\t<\/div>\n\t   \n\t\t<div class=\"vapempdescdiv\">\n\n\t\t\t<!-- employee description -->\n\n\t\t\tMinoko\nAllemand - Fran\u00e7ais - Lingala - Lingala - Swahili - Tshiluba\nMakambo mosusu na ntina ya Lingala:\nLingala ezal\u00ed monoko ya Bantu oyo elobelamaka libosoliboso o et\u00e9ni ya n\u0254\u0301rdi-w\u025b\u0301sti ya Ek\u00f3lo Congo d\u00e9mocratique (RDC) mp\u00e9 eteni monene ya Et\u00fak\u00e1 ya Kongo.\n\nEsalelamaka pe na ndenge ya moke na Angola pe na R\u00e9publique centrafricaine.\nMakambo ya ntin...\t\t<\/div>\n\t\t\n\t\t\t\t\n\t<\/div>\n\t\n\t\n<\/div>\n\n<div class=\"vapempblock light-theme-background\" id=\"vapempblock14\">\n\n\t<div class=\"vapempinfoblock\">\n\n\t\t\t\t\t<!-- display image -->\n\n\t\t\t<div class=\"vapempimgdiv\">\n\t\t\t\t\t\t\t\t\t<a href=\"https:\/\/muteba.com\/lin\/our-staff\/?option=com_vikappointments&amp;view=employeesearch&amp;id_employee=14\">\n\t\t\t\t\t\t<img decoding=\"async\" loading=\"lazy\" alt=\"Koku Mawutso L\" src=\"http:\/\/muteba.com\/wp-content\/uploads\/vikappointments\/media@small\/Interpreters_Lovi.png\" \/>\t\t\t\t\t<\/a>\n\t\t\t\t\t    \n\t\t\t<\/div>\n\t\t\t\n\t\t<div class=\"vap-empinfo\">\n\n\t\t\t<!-- block with name and reviews -->\n\n\t\t\t<div class=\"vap-empheader-div\">\n\n\t\t\t\t<div class=\"vapempnamediv\">\n\t\t\t\t\t<a href=\"https:\/\/muteba.com\/lin\/our-staff\/?option=com_vikappointments&amp;view=employeesearch&amp;id_employee=14\">\n\t\t\t\t\t\tKoku Mawutso L\t\t\t\t\t<\/a>\n\t\t\t\t<\/div>\n\n\t\t\t\t\t\t\t\t\t<div class=\"vapempratingdiv\">\n\t\t\t\t\t\t\t\t\t\t\t<\/div>\n\n\t\t\t\t\t<div class=\"vap-empsubreview-div\">\n\t\t\t\t\t\tNo review\t\t\t\t\t<\/div>\n\t\t\t\t\t\n\t\t\t<\/div>\n\n\t\t<\/div>\n\t   \n\t\t<div class=\"vapempdescdiv\">\n\n\t\t\t<!-- employee description -->\n\n\t\t\tMinoko\nAllemand - Lifalanse - Kotokoli\nMakambo mosusu na ntina na\n\u25e6 \u200b\u200bKotokoli, eyebani mpe na kombo ya Tem, ezali monoko oyo balobaka libosoliboso na Togo, \n\nna masanga ya mike mike na bisika ya B\u00e9nin, Ghana, mpe Burkina Faso. Ezali monoko ya bato ya Tem (ntango mosusu babengaka yango bato ya Kotokoli), oyo basalaka ekolo moko ya ntina na katikati...\t\t<\/div>\n\t\t\n\t\t\t\t\n\t<\/div>\n\t\n\t\n<\/div>\n\n<\/div>\n\n<form action=\"https:\/\/muteba.com\/employees-list\/\" method=\"post\">\n\t<input type=\"hidden\" id=\"vikwp_nonce\" name=\"vikwp_nonce\" value=\"c361329f79\" \/><input type=\"hidden\" name=\"_wp_http_referer\" value=\"\/lin\/wp-json\/wp\/v2\/pages\/2032\" \/>\t<div class=\"vap-list-pagination\"><\/div>\n\t<input type=\"hidden\" name=\"option\" value=\"com_vikappointments\" \/>\n\t<input type=\"hidden\" name=\"view\" value=\"employeeslist\" \/>\n<\/form>\n\n<!-- employees contact form -->\n\n\n<form action=\"https:\/\/muteba.com\/lin\/our-staff\/?option=com_vikappointments&amp;task=employeesearch.quickcontact\" method=\"post\" name=\"quickcontactform\">\n\t\n\t<div class=\"vapqcdiv light-theme-background\" style=\"display: none;\">\n\t\t\n\t\t<h2 class=\"vapqcnominative\"><\/h2>\n\t\t\n\t\t<div class=\"vapqcsendname\">\n\t\t\t<label for=\"qc-send-name\">Your Name<\/label>\n\t\t\t<input id=\"qc-send-name\" type=\"text\" name=\"sendername\" value=\"\" class=\"required\" size=\"32\" \/>\n\t\t<\/div>\n\t\t\n\t\t<div class=\"vapqcsendmail\">\n\t\t\t<span class=\"vapqcmailsp\">\n\t\t\t\t<label for=\"qc-send-mail\">Your e-mail<\/label>\n\t\t\t\t<input id=\"qc-send-mail\" type=\"email\" name=\"sendermail\" value=\"\" class=\"required\" size=\"32\" \/>\n\t\t\t<\/span>\n\t\t<\/div>\n\t\t\n\t\t<div class=\"vapqcmailcont\">\n\t\t\t<label for=\"qc-send-text\" style=\"vertical-align: top;\">Your questions<\/label>\n\t\t\t<textarea name=\"mail_content\" id=\"qc-send-text\" class=\"required\"><\/textarea>\n\t\t<\/div>\n\n\t\t\t\t\n\t\t<span class=\"vapqcbuttonsp\">\n\t\t\t<button type=\"submit\" class=\"vap-btn blue\" onClick=\"return vapValidateBeforeSendMail();\">\n\t\t\t\tSend\t\t\t<\/button>\n\n\t\t\t<button type=\"button\" class=\"vap-btn\" onClick=\"vapCancelMail();\">\n\t\t\t\tCancel\t\t\t<\/button> \n\t\t<\/span>\n\n\t\t\t\t\t<p class=\"gdpr-footer-disclaimer\">\n\t\t\t\t<i class=\"fas fa-info-circle\"><span>The specified data won't be stored within our system.<\/span><\/i>\n\t\t\t<\/p>\n\t\t\t\t\t\n\t<\/div>\n\t\n\t<input type=\"hidden\" id=\"vikwp_nonce\" name=\"vikwp_nonce\" value=\"c361329f79\" \/><input type=\"hidden\" name=\"_wp_http_referer\" value=\"\/lin\/wp-json\/wp\/v2\/pages\/2032\" \/>\t<input type=\"hidden\" name=\"id_employee\" value=\"0\" \/>\n\t<input type=\"hidden\" name=\"option\" value=\"com_vikappointments\" \/>\n\t<input type=\"hidden\" name=\"task\" value=\"employeesearch.quickcontact\" \/> \n\t<input type=\"hidden\" name=\"return\" value=\"aW5kZXgucGhwP29wdGlvbj1jb21fdmlrYXBwb2ludG1lbnRzJnZpZXc9ZW1wbG95ZWVzbGlzdA==\" \/>\n<\/form>\n\n<script>\n\n\tvar qcValidator;\n\tvar cancelElement = null;\n\n\tjQuery(function($) {\n\t\t\/\/ instantiate validator on ready\n\t\tqcValidator = new VikFormValidator('form[name=\"quickcontactform\"]', 'vaprequiredfield');\n\n\t\t\t});\n\n\tfunction vapValidateBeforeSendMail() {\n\t\treturn qcValidator.validate();\n\t}\n\t\n\tfunction vapCancelMail() {\n\t\tjQuery('.vapqcdiv').fadeOut();\n\n\t\tif (cancelElement) {\n\t\t\tjQuery('html,body').animate({\n\t\t\t\tscrollTop: (jQuery(cancelElement).offset().top - 20),\n\t\t\t}, {\n\t\t\t\tduration: 'normal',\n\t\t\t});\n\t\t}\n\t}\n\n\t\/\/ used when clicking \"QUICK CONTACT\" from the list\n\tfunction vapGoToMail(elem, id, name) {\n\t\tcancelElement = elem;\n\n\t\tif (id) { \n\t\t\tjQuery('input[name=\"id_employee\"]').val(id);\n\t\t}\n\n\t\tif (name) {\n\t\t\tjQuery('.vapqcnominative').text(name);\n\t\t}\n\n\t\tjQuery('.vapqcdiv').fadeIn();\n\t\tjQuery('html,body').animate({\n\t\t\tscrollTop: (jQuery('.vapqcdiv').offset().top - 20),\n\t\t}, {\n\t\t\tduration: 'normal',\n\t\t});\n\t}\n\n<\/script>\n\n<script>\n\n\tjQuery(function($) {\n\t\t\t});\n\t\n<\/script>\n\n<\/div>\n\n","protected":false},"excerpt":{"rendered":"","protected":false},"author":2,"featured_media":0,"parent":0,"menu_order":0,"comment_status":"closed","ping_status":"closed","template":"","meta":{"footnotes":""},"class_list":["post-2032","page","type-page","status-publish","hentry"],"acf":[],"_links":{"self":[{"href":"https:\/\/muteba.com\/lin\/wp-json\/wp\/v2\/pages\/2032","targetHints":{"allow":["GET"]}}],"collection":[{"href":"https:\/\/muteba.com\/lin\/wp-json\/wp\/v2\/pages"}],"about":[{"href":"https:\/\/muteba.com\/lin\/wp-json\/wp\/v2\/types\/page"}],"author":[{"embeddable":true,"href":"https:\/\/muteba.com\/lin\/wp-json\/wp\/v2\/users\/2"}],"replies":[{"embeddable":true,"href":"https:\/\/muteba.com\/lin\/wp-json\/wp\/v2\/comments?post=2032"}],"version-history":[{"count":0,"href":"https:\/\/muteba.com\/lin\/wp-json\/wp\/v2\/pages\/2032\/revisions"}],"wp:attachment":[{"href":"https:\/\/muteba.com\/lin\/wp-json\/wp\/v2\/media?parent=2032"}],"curies":[{"name":"wp","href":"https:\/\/api.w.org\/{rel}","templated":true}]}}